{"id":308,"date":"2026-01-20T09:50:47","date_gmt":"2026-01-20T06:50:47","guid":{"rendered":"https:\/\/www.tuccaroglukuruyemis.net\/hakkimizda\/"},"modified":"2026-03-27T15:03:21","modified_gmt":"2026-03-27T12:03:21","slug":"about-us","status":"publish","type":"page","link":"https:\/\/www.tuccaroglukuruyemis.net\/en\/about-us\/","title":{"rendered":"About Us"},"content":{"rendered":"\t\t<div data-elementor-type=\"wp-page\" data-elementor-id=\"308\" class=\"elementor elementor-308 elementor-11\">\n\t\t\t\t<div class=\"elementor-element elementor-element-2423d0c9 wd-section-stretch-content e-flex e-con-boxed e-con e-parent\" data-id=\"2423d0c9\" data-element_type=\"container\" data-e-type=\"container\">\n\t\t\t\t\t<div class=\"e-con-inner\">\n\t\t\t\t<div class=\"elementor-element elementor-element-3e7808d5 elementor-widget__width-inherit elementor-widget elementor-widget-wd_image_or_svg\" data-id=\"3e7808d5\" data-element_type=\"widget\" data-e-type=\"widget\" data-widget_type=\"wd_image_or_svg.default\">\n\t\t\t\t<div class=\"elementor-widget-container\">\n\t\t\t\t\t\n\t\t<div class=\"wd-image text-center\">\n\t\t\t\t\t\t\t\t<img fetchpriority=\"high\" decoding=\"async\" width=\"281\" height=\"215\" src=\"https:\/\/www.tuccaroglukuruyemis.net\/wp-content\/uploads\/2026\/01\/tuccaroglu.png\" class=\"attachment-full size-full\" alt=\"\" \/>\t\t\t\t\t<\/div>\n\n\t\t\t\t\t\t<\/div>\n\t\t\t\t<\/div>\n\t\t<div class=\"elementor-element elementor-element-2a45c729 e-con-full e-flex e-con e-child\" data-id=\"2a45c729\" data-element_type=\"container\" data-e-type=\"container\">\n\t\t\t\t<div class=\"elementor-element elementor-element-1a946353 wd-width-100 elementor-widget elementor-widget-wd_title\" data-id=\"1a946353\" data-element_type=\"widget\" data-e-type=\"widget\" data-widget_type=\"wd_title.default\">\n\t\t\t\t<div class=\"elementor-widget-container\">\n\t\t\t\t\t\t\t<div class=\"title-wrapper wd-set-mb reset-last-child wd-title-color-default wd-title-style-default wd-title-size-default text-center\">\n\n\t\t\t\n\t\t\t<div class=\"liner-continer\">\n\t\t\t\t<h4 class=\"woodmart-title-container title wd-fontsize-l wd-underline-colored\">T\u00fcccaro\u011flu <u>Kuruyemi\u015fleri<\/u> <\/h4> \n\t\t\t\t\t\t\t<\/div>\n\n\t\t\t\t\t<\/div>\n\t\t\t\t\t\t<\/div>\n\t\t\t\t<\/div>\n\t\t\t\t<div class=\"elementor-element elementor-element-5a98356a elementor-widget elementor-widget-wd_text_block\" data-id=\"5a98356a\" data-element_type=\"widget\" data-e-type=\"widget\" data-widget_type=\"wd_text_block.default\">\n\t\t\t\t<div class=\"elementor-widget-container\">\n\t\t\t\t\t\t\t<div class=\"wd-text-block reset-last-child text-center\">\n\t\t\t\n\t\t\tOur company was founded in 1975 under the name SAL\u0130H T\u00dcCCARO\u011eLU KURUYEM\u0130\u015eLER\u0130. In 2003, the current director took over the company and changed its name to KEMAL T\u00dcCCARO\u011eLU KURUYEM\u0130\u015eLER\u0130. In 2012, the company was incorporated as KEMAL T\u00dcCCARO\u011eLU TRADING LTD.\r\n\r\nIn its early years, the company operated with an office in Girne Bo\u011fazk\u00f6y and a 100 m\u00b2 warehouse in the same area, employing a staff of three people. Over the years, the product range, which was mainly focused on pistachios, almonds, and molasses, was expanded. Today, all types of nuts and dried fruits commonly consumed in our country, as well as molasses and tahini products, have been added to our product range.\r\n\r\nIn the nuts, molasses, and tahini production sector, the company has been operating since 1996 in a 1,000 m\u00b2 facility for nuts and, as of 2010, in a 250 m\u00b2 facility for molasses production at its current address in the Nicosia Organized Industrial Zone. The company employs a director, sales and marketing manager, purchasing manager, nuts production manager, molasses production manager, and 15 staff members. Our company is an officially registered member of the Turkish Cypriot Chamber of Commerce and Industry. Nuts, molasses, and tahini products are manufactured and then distributed to markets, hotels, and restaurants through marketing channels. Our distribution staff reach all parts of the island.\r\n\n\t\t\t\t\t<\/div>\n\t\t\t\t\t\t<\/div>\n\t\t\t\t<\/div>\n\t\t\t\t<div class=\"elementor-element elementor-element-158c658f elementor-widget elementor-widget-wd_social_buttons\" data-id=\"158c658f\" data-element_type=\"widget\" data-e-type=\"widget\" data-widget_type=\"wd_social_buttons.default\">\n\t\t\t\t<div class=\"elementor-widget-container\">\n\t\t\t\t\t\t\t\t<div id=\"\" class=\" wd-social-icons wd-style-bordered wd-size-default social-follow wd-shape-circle color-scheme-dark text-center\">\n\t\t\t\t\n\t\t\t\t\n\t\t\t\t\t\t\t\t\t<a rel=\"noopener noreferrer nofollow\" href=\"https:\/\/www.facebook.com\/tuccaroglukuruyemis\" target=\"_blank\" class=\" wd-social-icon social-facebook\" aria-label=\"Facebook social link\">\n\t\t\t\t\t\t<span class=\"wd-icon\"><\/span>\n\t\t\t\t\t\t\t\t\t\t\t<\/a>\n\t\t\t\t\n\t\t\t\t\n\t\t\t\t\n\t\t\t\t\n\t\t\t\t\t\t\t\t\t<a rel=\"noopener noreferrer nofollow\" href=\"https:\/\/www.instagram.com\/tuccaroglukuruyemis\/\" target=\"_blank\" class=\" wd-social-icon social-instagram\" aria-label=\"Instagram social link\">\n\t\t\t\t\t\t<span class=\"wd-icon\"><\/span>\n\t\t\t\t\t\t\t\t\t\t\t<\/a>\n\t\t\t\t\n\t\t\t\t\n\t\t\t\t\n\t\t\t\t\n\t\t\t\t\n\t\t\t\t\n\t\t\t\t\n\t\t\t\t\n\t\t\t\t\n\t\t\t\t\n\t\t\t\t\n\t\t\t\t\n\t\t\t\t\n\t\t\t\t\n\t\t\t\t\n\t\t\t\t\n\t\t\t\t\n\t\t\t\t\n\t\t\t\t\n\t\t\t\t\n\t\t\t\t\n\t\t\t\t\n\t\t\t\t\n\t\t\t<\/div>\n\n\t\t\t\t\t\t<\/div>\n\t\t\t\t<\/div>\n\t\t\t\t<\/div>\n\t\t\t\t\t<\/div>\n\t\t\t\t<\/div>\n\t\t\t\t<\/div>\n\t\t","protected":false},"excerpt":{"rendered":"<p>T\u00fcccaro\u011flu Kuruyemi\u015fleri Our company was founded in 1975 under the name SAL\u0130H T\u00dcCCARO\u011eLU KURUYEM\u0130\u015eLER\u0130. In 2003, the current director took<\/p>\n","protected":false},"author":1,"featured_media":0,"parent":0,"menu_order":0,"comment_status":"closed","ping_status":"closed","template":"elementor_header_footer","meta":{"footnotes":""},"class_list":["post-308","page","type-page","status-publish","hentry"],"yoast_head":"<!-- This site is optimized with the Yoast SEO plugin v27.2 - https:\/\/yoast.com\/product\/yoast-seo-wordpress\/ -->\n<title>About Us | T\u00fcccaro\u011flu Nuts<\/title>\n<meta name=\"description\" content=\"Learn about T\u00fcccaro\u011flu, a trusted nuts producer since 1975. Delivering quality products across Cyprus with strong heritage.\" \/>\n<meta name=\"robots\" content=\"index, follow, max-snippet:-1, max-image-preview:large, max-video-preview:-1\" \/>\n<link rel=\"canonical\" href=\"https:\/\/www.tuccaroglukuruyemis.net\/en\/about-us\/\" \/>\n<meta property=\"og:locale\" content=\"en_US\" \/>\n<meta property=\"og:type\" content=\"article\" \/>\n<meta property=\"og:title\" content=\"About Us | T\u00fcccaro\u011flu Nuts\" \/>\n<meta property=\"og:description\" content=\"Learn about T\u00fcccaro\u011flu, a trusted nuts producer since 1975. Delivering quality products across Cyprus with strong heritage.\" \/>\n<meta property=\"og:url\" content=\"https:\/\/www.tuccaroglukuruyemis.net\/en\/about-us\/\" \/>\n<meta property=\"og:site_name\" content=\"T\u00fcccaro\u011flu Kuruyemi\u015fleri\" \/>\n<meta property=\"article:publisher\" content=\"https:\/\/www.facebook.com\/tuccaroglukuruyemis\" \/>\n<meta property=\"article:modified_time\" content=\"2026-03-27T12:03:21+00:00\" \/>\n<meta property=\"og:image\" content=\"https:\/\/www.tuccaroglukuruyemis.net\/wp-content\/uploads\/2026\/01\/tuccaroglu.png\" \/>\n<meta name=\"twitter:card\" content=\"summary_large_image\" \/>\n<meta name=\"twitter:label1\" content=\"Est. reading time\" \/>\n\t<meta name=\"twitter:data1\" content=\"2 minutes\" \/>\n<script type=\"application\/ld+json\" class=\"yoast-schema-graph\">{\"@context\":\"https:\/\/schema.org\",\"@graph\":[{\"@type\":\"WebPage\",\"@id\":\"https:\/\/www.tuccaroglukuruyemis.net\/en\/about-us\/\",\"url\":\"https:\/\/www.tuccaroglukuruyemis.net\/en\/about-us\/\",\"name\":\"About Us | T\u00fcccaro\u011flu Nuts\",\"isPartOf\":{\"@id\":\"https:\/\/www.tuccaroglukuruyemis.net\/en\/#website\"},\"primaryImageOfPage\":{\"@id\":\"https:\/\/www.tuccaroglukuruyemis.net\/en\/about-us\/#primaryimage\"},\"image\":{\"@id\":\"https:\/\/www.tuccaroglukuruyemis.net\/en\/about-us\/#primaryimage\"},\"thumbnailUrl\":\"https:\/\/www.tuccaroglukuruyemis.net\/wp-content\/uploads\/2026\/01\/tuccaroglu.png\",\"datePublished\":\"2026-01-20T06:50:47+00:00\",\"dateModified\":\"2026-03-27T12:03:21+00:00\",\"description\":\"Learn about T\u00fcccaro\u011flu, a trusted nuts producer since 1975. Delivering quality products across Cyprus with strong heritage.\",\"breadcrumb\":{\"@id\":\"https:\/\/www.tuccaroglukuruyemis.net\/en\/about-us\/#breadcrumb\"},\"inLanguage\":\"en-US\",\"potentialAction\":[{\"@type\":\"ReadAction\",\"target\":[\"https:\/\/www.tuccaroglukuruyemis.net\/en\/about-us\/\"]}]},{\"@type\":\"ImageObject\",\"inLanguage\":\"en-US\",\"@id\":\"https:\/\/www.tuccaroglukuruyemis.net\/en\/about-us\/#primaryimage\",\"url\":\"https:\/\/www.tuccaroglukuruyemis.net\/wp-content\/uploads\/2026\/01\/tuccaroglu.png\",\"contentUrl\":\"https:\/\/www.tuccaroglukuruyemis.net\/wp-content\/uploads\/2026\/01\/tuccaroglu.png\"},{\"@type\":\"BreadcrumbList\",\"@id\":\"https:\/\/www.tuccaroglukuruyemis.net\/en\/about-us\/#breadcrumb\",\"itemListElement\":[{\"@type\":\"ListItem\",\"position\":1,\"name\":\"Anasayfa\",\"item\":\"https:\/\/www.tuccaroglukuruyemis.net\/en\/\"},{\"@type\":\"ListItem\",\"position\":2,\"name\":\"About Us\"}]},{\"@type\":\"WebSite\",\"@id\":\"https:\/\/www.tuccaroglukuruyemis.net\/en\/#website\",\"url\":\"https:\/\/www.tuccaroglukuruyemis.net\/en\/\",\"name\":\"T\u00fcccaro\u011flu Kuruyemi\u015fleri\",\"description\":\"\",\"publisher\":{\"@id\":\"https:\/\/www.tuccaroglukuruyemis.net\/en\/#organization\"},\"potentialAction\":[{\"@type\":\"SearchAction\",\"target\":{\"@type\":\"EntryPoint\",\"urlTemplate\":\"https:\/\/www.tuccaroglukuruyemis.net\/en\/?s={search_term_string}\"},\"query-input\":{\"@type\":\"PropertyValueSpecification\",\"valueRequired\":true,\"valueName\":\"search_term_string\"}}],\"inLanguage\":\"en-US\"},{\"@type\":\"Organization\",\"@id\":\"https:\/\/www.tuccaroglukuruyemis.net\/en\/#organization\",\"name\":\"T\u00fcccaro\u011flu Kuruyemi\u015fleri\",\"url\":\"https:\/\/www.tuccaroglukuruyemis.net\/en\/\",\"logo\":{\"@type\":\"ImageObject\",\"inLanguage\":\"en-US\",\"@id\":\"https:\/\/www.tuccaroglukuruyemis.net\/en\/#\/schema\/logo\/image\/\",\"url\":\"https:\/\/www.tuccaroglukuruyemis.net\/wp-content\/uploads\/2026\/01\/cropped-images.png\",\"contentUrl\":\"https:\/\/www.tuccaroglukuruyemis.net\/wp-content\/uploads\/2026\/01\/cropped-images.png\",\"width\":512,\"height\":512,\"caption\":\"T\u00fcccaro\u011flu Kuruyemi\u015fleri\"},\"image\":{\"@id\":\"https:\/\/www.tuccaroglukuruyemis.net\/en\/#\/schema\/logo\/image\/\"},\"sameAs\":[\"https:\/\/www.facebook.com\/tuccaroglukuruyemis\",\"https:\/\/www.instagram.com\/tuccaroglukuruyemis\/\"]}]}<\/script>\n<!-- \/ Yoast SEO plugin. -->","yoast_head_json":{"title":"About Us | T\u00fcccaro\u011flu Nuts","description":"Learn about T\u00fcccaro\u011flu, a trusted nuts producer since 1975. Delivering quality products across Cyprus with strong heritage.","robots":{"index":"index","follow":"follow","max-snippet":"max-snippet:-1","max-image-preview":"max-image-preview:large","max-video-preview":"max-video-preview:-1"},"canonical":"https:\/\/www.tuccaroglukuruyemis.net\/en\/about-us\/","og_locale":"en_US","og_type":"article","og_title":"About Us | T\u00fcccaro\u011flu Nuts","og_description":"Learn about T\u00fcccaro\u011flu, a trusted nuts producer since 1975. Delivering quality products across Cyprus with strong heritage.","og_url":"https:\/\/www.tuccaroglukuruyemis.net\/en\/about-us\/","og_site_name":"T\u00fcccaro\u011flu Kuruyemi\u015fleri","article_publisher":"https:\/\/www.facebook.com\/tuccaroglukuruyemis","article_modified_time":"2026-03-27T12:03:21+00:00","og_image":[{"url":"https:\/\/www.tuccaroglukuruyemis.net\/wp-content\/uploads\/2026\/01\/tuccaroglu.png","type":"","width":"","height":""}],"twitter_card":"summary_large_image","twitter_misc":{"Est. reading time":"2 minutes"},"schema":{"@context":"https:\/\/schema.org","@graph":[{"@type":"WebPage","@id":"https:\/\/www.tuccaroglukuruyemis.net\/en\/about-us\/","url":"https:\/\/www.tuccaroglukuruyemis.net\/en\/about-us\/","name":"About Us | T\u00fcccaro\u011flu Nuts","isPartOf":{"@id":"https:\/\/www.tuccaroglukuruyemis.net\/en\/#website"},"primaryImageOfPage":{"@id":"https:\/\/www.tuccaroglukuruyemis.net\/en\/about-us\/#primaryimage"},"image":{"@id":"https:\/\/www.tuccaroglukuruyemis.net\/en\/about-us\/#primaryimage"},"thumbnailUrl":"https:\/\/www.tuccaroglukuruyemis.net\/wp-content\/uploads\/2026\/01\/tuccaroglu.png","datePublished":"2026-01-20T06:50:47+00:00","dateModified":"2026-03-27T12:03:21+00:00","description":"Learn about T\u00fcccaro\u011flu, a trusted nuts producer since 1975. Delivering quality products across Cyprus with strong heritage.","breadcrumb":{"@id":"https:\/\/www.tuccaroglukuruyemis.net\/en\/about-us\/#breadcrumb"},"inLanguage":"en-US","potentialAction":[{"@type":"ReadAction","target":["https:\/\/www.tuccaroglukuruyemis.net\/en\/about-us\/"]}]},{"@type":"ImageObject","inLanguage":"en-US","@id":"https:\/\/www.tuccaroglukuruyemis.net\/en\/about-us\/#primaryimage","url":"https:\/\/www.tuccaroglukuruyemis.net\/wp-content\/uploads\/2026\/01\/tuccaroglu.png","contentUrl":"https:\/\/www.tuccaroglukuruyemis.net\/wp-content\/uploads\/2026\/01\/tuccaroglu.png"},{"@type":"BreadcrumbList","@id":"https:\/\/www.tuccaroglukuruyemis.net\/en\/about-us\/#breadcrumb","itemListElement":[{"@type":"ListItem","position":1,"name":"Anasayfa","item":"https:\/\/www.tuccaroglukuruyemis.net\/en\/"},{"@type":"ListItem","position":2,"name":"About Us"}]},{"@type":"WebSite","@id":"https:\/\/www.tuccaroglukuruyemis.net\/en\/#website","url":"https:\/\/www.tuccaroglukuruyemis.net\/en\/","name":"T\u00fcccaro\u011flu Kuruyemi\u015fleri","description":"","publisher":{"@id":"https:\/\/www.tuccaroglukuruyemis.net\/en\/#organization"},"potentialAction":[{"@type":"SearchAction","target":{"@type":"EntryPoint","urlTemplate":"https:\/\/www.tuccaroglukuruyemis.net\/en\/?s={search_term_string}"},"query-input":{"@type":"PropertyValueSpecification","valueRequired":true,"valueName":"search_term_string"}}],"inLanguage":"en-US"},{"@type":"Organization","@id":"https:\/\/www.tuccaroglukuruyemis.net\/en\/#organization","name":"T\u00fcccaro\u011flu Kuruyemi\u015fleri","url":"https:\/\/www.tuccaroglukuruyemis.net\/en\/","logo":{"@type":"ImageObject","inLanguage":"en-US","@id":"https:\/\/www.tuccaroglukuruyemis.net\/en\/#\/schema\/logo\/image\/","url":"https:\/\/www.tuccaroglukuruyemis.net\/wp-content\/uploads\/2026\/01\/cropped-images.png","contentUrl":"https:\/\/www.tuccaroglukuruyemis.net\/wp-content\/uploads\/2026\/01\/cropped-images.png","width":512,"height":512,"caption":"T\u00fcccaro\u011flu Kuruyemi\u015fleri"},"image":{"@id":"https:\/\/www.tuccaroglukuruyemis.net\/en\/#\/schema\/logo\/image\/"},"sameAs":["https:\/\/www.facebook.com\/tuccaroglukuruyemis","https:\/\/www.instagram.com\/tuccaroglukuruyemis\/"]}]}},"_links":{"self":[{"href":"https:\/\/www.tuccaroglukuruyemis.net\/en\/wp-json\/wp\/v2\/pages\/308","targetHints":{"allow":["GET"]}}],"collection":[{"href":"https:\/\/www.tuccaroglukuruyemis.net\/en\/wp-json\/wp\/v2\/pages"}],"about":[{"href":"https:\/\/www.tuccaroglukuruyemis.net\/en\/wp-json\/wp\/v2\/types\/page"}],"author":[{"embeddable":true,"href":"https:\/\/www.tuccaroglukuruyemis.net\/en\/wp-json\/wp\/v2\/users\/1"}],"replies":[{"embeddable":true,"href":"https:\/\/www.tuccaroglukuruyemis.net\/en\/wp-json\/wp\/v2\/comments?post=308"}],"version-history":[{"count":4,"href":"https:\/\/www.tuccaroglukuruyemis.net\/en\/wp-json\/wp\/v2\/pages\/308\/revisions"}],"predecessor-version":[{"id":522,"href":"https:\/\/www.tuccaroglukuruyemis.net\/en\/wp-json\/wp\/v2\/pages\/308\/revisions\/522"}],"wp:attachment":[{"href":"https:\/\/www.tuccaroglukuruyemis.net\/en\/wp-json\/wp\/v2\/media?parent=308"}],"curies":[{"name":"wp","href":"https:\/\/api.w.org\/{rel}","templated":true}]}}