{"id":381,"date":"2026-01-29T09:54:01","date_gmt":"2026-01-29T06:54:01","guid":{"rendered":"https:\/\/www.tuccaroglukuruyemis.net\/lux-kuruyemis-meyve\/"},"modified":"2026-02-25T16:37:11","modified_gmt":"2026-02-25T13:37:11","slug":"luxury-nuts-fruits","status":"publish","type":"page","link":"https:\/\/www.tuccaroglukuruyemis.net\/en\/luxury-nuts-fruits\/","title":{"rendered":"Luxury Nuts &#038; Fruits"},"content":{"rendered":"\t\t<div data-elementor-type=\"wp-page\" data-elementor-id=\"381\" class=\"elementor elementor-381 elementor-42\">\n\t\t\t\t<div class=\"elementor-element elementor-element-01c09a1 wd-section-stretch-content e-flex e-con-boxed e-con e-parent\" data-id=\"01c09a1\" data-element_type=\"container\" data-e-type=\"container\">\n\t\t\t\t\t<div class=\"e-con-inner\">\n\t\t<div class=\"elementor-element elementor-element-6b21816 e-con-full e-flex e-con e-child\" data-id=\"6b21816\" data-element_type=\"container\" data-e-type=\"container\">\n\t\t\t\t<div class=\"elementor-element elementor-element-4837784 elementor-position-top elementor-invisible elementor-widget elementor-widget-image-box\" data-id=\"4837784\" data-element_type=\"widget\" data-e-type=\"widget\" data-settings=\"{&quot;_animation&quot;:&quot;wd-anim-slide-from-top&quot;}\" data-widget_type=\"image-box.default\">\n\t\t\t\t\t<div class=\"elementor-image-box-wrapper\"><figure class=\"elementor-image-box-img\"><img fetchpriority=\"high\" decoding=\"async\" width=\"600\" height=\"802\" src=\"https:\/\/www.tuccaroglukuruyemis.net\/wp-content\/uploads\/2026\/02\/620466077c427f141effa294382f5fba_L.jpg\" class=\"elementor-animation-push attachment-full size-full wp-image-382\" alt=\"\" srcset=\"https:\/\/www.tuccaroglukuruyemis.net\/wp-content\/uploads\/2026\/02\/620466077c427f141effa294382f5fba_L.jpg 600w, https:\/\/www.tuccaroglukuruyemis.net\/wp-content\/uploads\/2026\/02\/620466077c427f141effa294382f5fba_L-224x300.jpg 224w\" sizes=\"(max-width: 600px) 100vw, 600px\" \/><\/figure><div class=\"elementor-image-box-content\"><h3 class=\"elementor-image-box-title\">LUX CEV\u0130ZL\u0130 \u0130NC\u0130R 300GR<\/h3><\/div><\/div>\t\t\t\t<\/div>\n\t\t\t\t<\/div>\n\t\t<div class=\"elementor-element elementor-element-8fbfd17 e-con-full e-flex e-con e-child\" data-id=\"8fbfd17\" data-element_type=\"container\" data-e-type=\"container\">\n\t\t\t\t<div class=\"elementor-element elementor-element-6ade5bb elementor-position-top elementor-invisible elementor-widget elementor-widget-image-box\" data-id=\"6ade5bb\" data-element_type=\"widget\" data-e-type=\"widget\" data-settings=\"{&quot;_animation&quot;:&quot;wd-anim-slide-from-top&quot;}\" data-widget_type=\"image-box.default\">\n\t\t\t\t\t<div class=\"elementor-image-box-wrapper\"><figure class=\"elementor-image-box-img\"><img fetchpriority=\"high\" decoding=\"async\" width=\"600\" height=\"802\" src=\"https:\/\/www.tuccaroglukuruyemis.net\/wp-content\/uploads\/2026\/02\/620466077c427f141effa294382f5fba_L.jpg\" class=\"elementor-animation-push attachment-full size-full wp-image-382\" alt=\"\" srcset=\"https:\/\/www.tuccaroglukuruyemis.net\/wp-content\/uploads\/2026\/02\/620466077c427f141effa294382f5fba_L.jpg 600w, https:\/\/www.tuccaroglukuruyemis.net\/wp-content\/uploads\/2026\/02\/620466077c427f141effa294382f5fba_L-224x300.jpg 224w\" sizes=\"(max-width: 600px) 100vw, 600px\" \/><\/figure><div class=\"elementor-image-box-content\"><h3 class=\"elementor-image-box-title\">LUX CEV\u0130Z 180GR<\/h3><\/div><\/div>\t\t\t\t<\/div>\n\t\t\t\t<\/div>\n\t\t<div class=\"elementor-element elementor-element-5c6c310 e-con-full e-flex e-con e-child\" data-id=\"5c6c310\" data-element_type=\"container\" data-e-type=\"container\">\n\t\t\t\t<div class=\"elementor-element elementor-element-fdfb7fd elementor-position-top elementor-invisible elementor-widget elementor-widget-image-box\" data-id=\"fdfb7fd\" data-element_type=\"widget\" data-e-type=\"widget\" data-settings=\"{&quot;_animation&quot;:&quot;wd-anim-slide-from-top&quot;}\" data-widget_type=\"image-box.default\">\n\t\t\t\t\t<div class=\"elementor-image-box-wrapper\"><figure class=\"elementor-image-box-img\"><img decoding=\"async\" width=\"600\" height=\"771\" src=\"https:\/\/www.tuccaroglukuruyemis.net\/wp-content\/uploads\/2026\/02\/36fdb1a35cd2f54f95cf2119fb5bc7ed_L.jpg\" class=\"elementor-animation-push attachment-full size-full wp-image-383\" alt=\"\" srcset=\"https:\/\/www.tuccaroglukuruyemis.net\/wp-content\/uploads\/2026\/02\/36fdb1a35cd2f54f95cf2119fb5bc7ed_L.jpg 600w, https:\/\/www.tuccaroglukuruyemis.net\/wp-content\/uploads\/2026\/02\/36fdb1a35cd2f54f95cf2119fb5bc7ed_L-233x300.jpg 233w\" sizes=\"(max-width: 600px) 100vw, 600px\" \/><\/figure><div class=\"elementor-image-box-content\"><h3 class=\"elementor-image-box-title\">LUX BESN\u0130 \u00dcZ\u00dcM 250GR<\/h3><p class=\"elementor-image-box-description\">\n<\/p><\/div><\/div>\t\t\t\t<\/div>\n\t\t\t\t<\/div>\n\t\t<div class=\"elementor-element elementor-element-7fed5a3 e-con-full e-flex e-con e-child\" data-id=\"7fed5a3\" data-element_type=\"container\" data-e-type=\"container\">\n\t\t\t\t<div class=\"elementor-element elementor-element-274d08b elementor-position-top elementor-invisible elementor-widget elementor-widget-image-box\" data-id=\"274d08b\" data-element_type=\"widget\" data-e-type=\"widget\" data-settings=\"{&quot;_animation&quot;:&quot;wd-anim-slide-from-top&quot;}\" data-widget_type=\"image-box.default\">\n\t\t\t\t\t<div class=\"elementor-image-box-wrapper\"><figure class=\"elementor-image-box-img\"><img decoding=\"async\" width=\"600\" height=\"802\" src=\"https:\/\/www.tuccaroglukuruyemis.net\/wp-content\/uploads\/2026\/02\/39eee751af30032eeece2f48de2de4ba_L.jpg\" class=\"elementor-animation-push attachment-full size-full wp-image-384\" alt=\"\" srcset=\"https:\/\/www.tuccaroglukuruyemis.net\/wp-content\/uploads\/2026\/02\/39eee751af30032eeece2f48de2de4ba_L.jpg 600w, https:\/\/www.tuccaroglukuruyemis.net\/wp-content\/uploads\/2026\/02\/39eee751af30032eeece2f48de2de4ba_L-224x300.jpg 224w\" sizes=\"(max-width: 600px) 100vw, 600px\" \/><\/figure><div class=\"elementor-image-box-content\"><h3 class=\"elementor-image-box-title\">LUX BADEM \u015eEKER\u0130300GR<\/h3><\/div><\/div>\t\t\t\t<\/div>\n\t\t\t\t<\/div>\n\t\t\t\t\t<\/div>\n\t\t\t\t<\/div>\n\t\t<div class=\"elementor-element elementor-element-d5c4334 wd-section-stretch-content e-flex e-con-boxed e-con e-parent\" data-id=\"d5c4334\" data-element_type=\"container\" data-e-type=\"container\">\n\t\t\t\t\t<div class=\"e-con-inner\">\n\t\t<div class=\"elementor-element elementor-element-a4d10de e-con-full e-flex e-con e-child\" data-id=\"a4d10de\" data-element_type=\"container\" data-e-type=\"container\">\n\t\t\t\t<div class=\"elementor-element elementor-element-704d4bc elementor-position-top elementor-invisible elementor-widget elementor-widget-image-box\" data-id=\"704d4bc\" data-element_type=\"widget\" data-e-type=\"widget\" data-settings=\"{&quot;_animation&quot;:&quot;wd-anim-slide-from-top&quot;}\" data-widget_type=\"image-box.default\">\n\t\t\t\t\t<div class=\"elementor-image-box-wrapper\"><figure class=\"elementor-image-box-img\"><img loading=\"lazy\" decoding=\"async\" width=\"600\" height=\"802\" src=\"https:\/\/www.tuccaroglukuruyemis.net\/wp-content\/uploads\/2026\/02\/0b1ad7a7b79268a1f4558db78e092446_L.jpg\" class=\"elementor-animation-push attachment-full size-full wp-image-385\" alt=\"\" srcset=\"https:\/\/www.tuccaroglukuruyemis.net\/wp-content\/uploads\/2026\/02\/0b1ad7a7b79268a1f4558db78e092446_L.jpg 600w, https:\/\/www.tuccaroglukuruyemis.net\/wp-content\/uploads\/2026\/02\/0b1ad7a7b79268a1f4558db78e092446_L-224x300.jpg 224w\" sizes=\"(max-width: 600px) 100vw, 600px\" \/><\/figure><div class=\"elementor-image-box-content\"><h3 class=\"elementor-image-box-title\">JUMBO KAYISI 250GR<\/h3><\/div><\/div>\t\t\t\t<\/div>\n\t\t\t\t<\/div>\n\t\t<div class=\"elementor-element elementor-element-f29ec77 e-con-full e-flex e-con e-child\" data-id=\"f29ec77\" data-element_type=\"container\" data-e-type=\"container\">\n\t\t\t\t<div class=\"elementor-element elementor-element-b8dfef9 elementor-position-top elementor-invisible elementor-widget elementor-widget-image-box\" data-id=\"b8dfef9\" data-element_type=\"widget\" data-e-type=\"widget\" data-settings=\"{&quot;_animation&quot;:&quot;wd-anim-slide-from-top&quot;}\" data-widget_type=\"image-box.default\">\n\t\t\t\t\t<div class=\"elementor-image-box-wrapper\"><figure class=\"elementor-image-box-img\"><img loading=\"lazy\" decoding=\"async\" width=\"600\" height=\"802\" src=\"https:\/\/www.tuccaroglukuruyemis.net\/wp-content\/uploads\/2026\/02\/0b1ad7a7b79268a1f4558db78e092446_L.jpg\" class=\"elementor-animation-push attachment-full size-full wp-image-385\" alt=\"\" srcset=\"https:\/\/www.tuccaroglukuruyemis.net\/wp-content\/uploads\/2026\/02\/0b1ad7a7b79268a1f4558db78e092446_L.jpg 600w, https:\/\/www.tuccaroglukuruyemis.net\/wp-content\/uploads\/2026\/02\/0b1ad7a7b79268a1f4558db78e092446_L-224x300.jpg 224w\" sizes=\"(max-width: 600px) 100vw, 600px\" \/><\/figure><div class=\"elementor-image-box-content\"><h3 class=\"elementor-image-box-title\">JUMBO KAYISI 200GR<\/h3><\/div><\/div>\t\t\t\t<\/div>\n\t\t\t\t<\/div>\n\t\t<div class=\"elementor-element elementor-element-e9f4f6c e-con-full e-flex e-con e-child\" data-id=\"e9f4f6c\" data-element_type=\"container\" data-e-type=\"container\">\n\t\t\t\t<div class=\"elementor-element elementor-element-0a6de0b elementor-position-top elementor-invisible elementor-widget elementor-widget-image-box\" data-id=\"0a6de0b\" data-element_type=\"widget\" data-e-type=\"widget\" data-settings=\"{&quot;_animation&quot;:&quot;wd-anim-slide-from-top&quot;}\" data-widget_type=\"image-box.default\">\n\t\t\t\t\t<div class=\"elementor-image-box-wrapper\"><figure class=\"elementor-image-box-img\"><img loading=\"lazy\" decoding=\"async\" width=\"600\" height=\"766\" src=\"https:\/\/www.tuccaroglukuruyemis.net\/wp-content\/uploads\/2026\/02\/fc34f61d23b74be53ee07d469bd32064_L.jpg\" class=\"elementor-animation-push attachment-full size-full wp-image-386\" alt=\"\" srcset=\"https:\/\/www.tuccaroglukuruyemis.net\/wp-content\/uploads\/2026\/02\/fc34f61d23b74be53ee07d469bd32064_L.jpg 600w, https:\/\/www.tuccaroglukuruyemis.net\/wp-content\/uploads\/2026\/02\/fc34f61d23b74be53ee07d469bd32064_L-235x300.jpg 235w\" sizes=\"(max-width: 600px) 100vw, 600px\" \/><\/figure><div class=\"elementor-image-box-content\"><h3 class=\"elementor-image-box-title\">JUMBO HURMA 200 GR<\/h3><p class=\"elementor-image-box-description\">\n<\/p><\/div><\/div>\t\t\t\t<\/div>\n\t\t\t\t<\/div>\n\t\t<div class=\"elementor-element elementor-element-0590084 e-con-full e-flex e-con e-child\" data-id=\"0590084\" data-element_type=\"container\" data-e-type=\"container\">\n\t\t\t\t<\/div>\n\t\t\t\t\t<\/div>\n\t\t\t\t<\/div>\n\t\t\t\t<\/div>\n\t\t","protected":false},"excerpt":{"rendered":"<p>LUX CEV\u0130ZL\u0130 \u0130NC\u0130R 300GR LUX CEV\u0130Z 180GR LUX BESN\u0130 \u00dcZ\u00dcM 250GR LUX BADEM \u015eEKER\u0130300GR JUMBO KAYISI 250GR JUMBO KAYISI 200GR<\/p>\n","protected":false},"author":1,"featured_media":0,"parent":0,"menu_order":0,"comment_status":"closed","ping_status":"closed","template":"elementor_header_footer","meta":{"footnotes":""},"class_list":["post-381","page","type-page","status-publish","hentry"],"yoast_head":"<!-- This site is optimized with the Yoast SEO plugin v27.2 - https:\/\/yoast.com\/product\/yoast-seo-wordpress\/ -->\n<title>Luxury Nuts &amp; Fruits - T\u00fcccaro\u011flu Kuruyemi\u015fleri<\/title>\n<meta name=\"robots\" content=\"index, follow, max-snippet:-1, max-image-preview:large, max-video-preview:-1\" \/>\n<link rel=\"canonical\" href=\"https:\/\/www.tuccaroglukuruyemis.net\/en\/luxury-nuts-fruits\/\" \/>\n<meta property=\"og:locale\" content=\"en_US\" \/>\n<meta property=\"og:type\" content=\"article\" \/>\n<meta property=\"og:title\" content=\"Luxury Nuts &amp; Fruits - T\u00fcccaro\u011flu Kuruyemi\u015fleri\" \/>\n<meta property=\"og:description\" content=\"LUX CEV\u0130ZL\u0130 \u0130NC\u0130R 300GR LUX CEV\u0130Z 180GR LUX BESN\u0130 \u00dcZ\u00dcM 250GR LUX BADEM \u015eEKER\u0130300GR JUMBO KAYISI 250GR JUMBO KAYISI 200GR\" \/>\n<meta property=\"og:url\" content=\"https:\/\/www.tuccaroglukuruyemis.net\/en\/luxury-nuts-fruits\/\" \/>\n<meta property=\"og:site_name\" content=\"T\u00fcccaro\u011flu Kuruyemi\u015fleri\" \/>\n<meta property=\"article:publisher\" content=\"https:\/\/www.facebook.com\/tuccaroglukuruyemis\" \/>\n<meta property=\"article:modified_time\" content=\"2026-02-25T13:37:11+00:00\" \/>\n<meta property=\"og:image\" content=\"https:\/\/nextario.com\/tuccar\/wp-content\/uploads\/2026\/02\/620466077c427f141effa294382f5fba_L.jpg\" \/>\n<meta name=\"twitter:card\" content=\"summary_large_image\" \/>\n<meta name=\"twitter:label1\" content=\"Est. reading time\" \/>\n\t<meta name=\"twitter:data1\" content=\"2 minutes\" \/>\n<script type=\"application\/ld+json\" class=\"yoast-schema-graph\">{\"@context\":\"https:\/\/schema.org\",\"@graph\":[{\"@type\":\"WebPage\",\"@id\":\"https:\/\/www.tuccaroglukuruyemis.net\/en\/luxury-nuts-fruits\/\",\"url\":\"https:\/\/www.tuccaroglukuruyemis.net\/en\/luxury-nuts-fruits\/\",\"name\":\"Luxury Nuts & Fruits - T\u00fcccaro\u011flu Kuruyemi\u015fleri\",\"isPartOf\":{\"@id\":\"https:\/\/www.tuccaroglukuruyemis.net\/en\/#website\"},\"primaryImageOfPage\":{\"@id\":\"https:\/\/www.tuccaroglukuruyemis.net\/en\/luxury-nuts-fruits\/#primaryimage\"},\"image\":{\"@id\":\"https:\/\/www.tuccaroglukuruyemis.net\/en\/luxury-nuts-fruits\/#primaryimage\"},\"thumbnailUrl\":\"https:\/\/nextario.com\/tuccar\/wp-content\/uploads\/2026\/02\/620466077c427f141effa294382f5fba_L.jpg\",\"datePublished\":\"2026-01-29T06:54:01+00:00\",\"dateModified\":\"2026-02-25T13:37:11+00:00\",\"breadcrumb\":{\"@id\":\"https:\/\/www.tuccaroglukuruyemis.net\/en\/luxury-nuts-fruits\/#breadcrumb\"},\"inLanguage\":\"en-US\",\"potentialAction\":[{\"@type\":\"ReadAction\",\"target\":[\"https:\/\/www.tuccaroglukuruyemis.net\/en\/luxury-nuts-fruits\/\"]}]},{\"@type\":\"ImageObject\",\"inLanguage\":\"en-US\",\"@id\":\"https:\/\/www.tuccaroglukuruyemis.net\/en\/luxury-nuts-fruits\/#primaryimage\",\"url\":\"https:\/\/nextario.com\/tuccar\/wp-content\/uploads\/2026\/02\/620466077c427f141effa294382f5fba_L.jpg\",\"contentUrl\":\"https:\/\/nextario.com\/tuccar\/wp-content\/uploads\/2026\/02\/620466077c427f141effa294382f5fba_L.jpg\"},{\"@type\":\"BreadcrumbList\",\"@id\":\"https:\/\/www.tuccaroglukuruyemis.net\/en\/luxury-nuts-fruits\/#breadcrumb\",\"itemListElement\":[{\"@type\":\"ListItem\",\"position\":1,\"name\":\"Anasayfa\",\"item\":\"https:\/\/www.tuccaroglukuruyemis.net\/en\/\"},{\"@type\":\"ListItem\",\"position\":2,\"name\":\"Luxury Nuts &#038; Fruits\"}]},{\"@type\":\"WebSite\",\"@id\":\"https:\/\/www.tuccaroglukuruyemis.net\/en\/#website\",\"url\":\"https:\/\/www.tuccaroglukuruyemis.net\/en\/\",\"name\":\"T\u00fcccaro\u011flu Kuruyemi\u015fleri\",\"description\":\"\",\"publisher\":{\"@id\":\"https:\/\/www.tuccaroglukuruyemis.net\/en\/#organization\"},\"potentialAction\":[{\"@type\":\"SearchAction\",\"target\":{\"@type\":\"EntryPoint\",\"urlTemplate\":\"https:\/\/www.tuccaroglukuruyemis.net\/en\/?s={search_term_string}\"},\"query-input\":{\"@type\":\"PropertyValueSpecification\",\"valueRequired\":true,\"valueName\":\"search_term_string\"}}],\"inLanguage\":\"en-US\"},{\"@type\":\"Organization\",\"@id\":\"https:\/\/www.tuccaroglukuruyemis.net\/en\/#organization\",\"name\":\"T\u00fcccaro\u011flu Kuruyemi\u015fleri\",\"url\":\"https:\/\/www.tuccaroglukuruyemis.net\/en\/\",\"logo\":{\"@type\":\"ImageObject\",\"inLanguage\":\"en-US\",\"@id\":\"https:\/\/www.tuccaroglukuruyemis.net\/en\/#\/schema\/logo\/image\/\",\"url\":\"https:\/\/www.tuccaroglukuruyemis.net\/wp-content\/uploads\/2026\/01\/cropped-images.png\",\"contentUrl\":\"https:\/\/www.tuccaroglukuruyemis.net\/wp-content\/uploads\/2026\/01\/cropped-images.png\",\"width\":512,\"height\":512,\"caption\":\"T\u00fcccaro\u011flu Kuruyemi\u015fleri\"},\"image\":{\"@id\":\"https:\/\/www.tuccaroglukuruyemis.net\/en\/#\/schema\/logo\/image\/\"},\"sameAs\":[\"https:\/\/www.facebook.com\/tuccaroglukuruyemis\",\"https:\/\/www.instagram.com\/tuccaroglukuruyemis\/\"]}]}<\/script>\n<!-- \/ Yoast SEO plugin. -->","yoast_head_json":{"title":"Luxury Nuts & Fruits - T\u00fcccaro\u011flu Kuruyemi\u015fleri","robots":{"index":"index","follow":"follow","max-snippet":"max-snippet:-1","max-image-preview":"max-image-preview:large","max-video-preview":"max-video-preview:-1"},"canonical":"https:\/\/www.tuccaroglukuruyemis.net\/en\/luxury-nuts-fruits\/","og_locale":"en_US","og_type":"article","og_title":"Luxury Nuts & Fruits - T\u00fcccaro\u011flu Kuruyemi\u015fleri","og_description":"LUX CEV\u0130ZL\u0130 \u0130NC\u0130R 300GR LUX CEV\u0130Z 180GR LUX BESN\u0130 \u00dcZ\u00dcM 250GR LUX BADEM \u015eEKER\u0130300GR JUMBO KAYISI 250GR JUMBO KAYISI 200GR","og_url":"https:\/\/www.tuccaroglukuruyemis.net\/en\/luxury-nuts-fruits\/","og_site_name":"T\u00fcccaro\u011flu Kuruyemi\u015fleri","article_publisher":"https:\/\/www.facebook.com\/tuccaroglukuruyemis","article_modified_time":"2026-02-25T13:37:11+00:00","og_image":[{"url":"https:\/\/nextario.com\/tuccar\/wp-content\/uploads\/2026\/02\/620466077c427f141effa294382f5fba_L.jpg","type":"","width":"","height":""}],"twitter_card":"summary_large_image","twitter_misc":{"Est. reading time":"2 minutes"},"schema":{"@context":"https:\/\/schema.org","@graph":[{"@type":"WebPage","@id":"https:\/\/www.tuccaroglukuruyemis.net\/en\/luxury-nuts-fruits\/","url":"https:\/\/www.tuccaroglukuruyemis.net\/en\/luxury-nuts-fruits\/","name":"Luxury Nuts & Fruits - T\u00fcccaro\u011flu Kuruyemi\u015fleri","isPartOf":{"@id":"https:\/\/www.tuccaroglukuruyemis.net\/en\/#website"},"primaryImageOfPage":{"@id":"https:\/\/www.tuccaroglukuruyemis.net\/en\/luxury-nuts-fruits\/#primaryimage"},"image":{"@id":"https:\/\/www.tuccaroglukuruyemis.net\/en\/luxury-nuts-fruits\/#primaryimage"},"thumbnailUrl":"https:\/\/nextario.com\/tuccar\/wp-content\/uploads\/2026\/02\/620466077c427f141effa294382f5fba_L.jpg","datePublished":"2026-01-29T06:54:01+00:00","dateModified":"2026-02-25T13:37:11+00:00","breadcrumb":{"@id":"https:\/\/www.tuccaroglukuruyemis.net\/en\/luxury-nuts-fruits\/#breadcrumb"},"inLanguage":"en-US","potentialAction":[{"@type":"ReadAction","target":["https:\/\/www.tuccaroglukuruyemis.net\/en\/luxury-nuts-fruits\/"]}]},{"@type":"ImageObject","inLanguage":"en-US","@id":"https:\/\/www.tuccaroglukuruyemis.net\/en\/luxury-nuts-fruits\/#primaryimage","url":"https:\/\/nextario.com\/tuccar\/wp-content\/uploads\/2026\/02\/620466077c427f141effa294382f5fba_L.jpg","contentUrl":"https:\/\/nextario.com\/tuccar\/wp-content\/uploads\/2026\/02\/620466077c427f141effa294382f5fba_L.jpg"},{"@type":"BreadcrumbList","@id":"https:\/\/www.tuccaroglukuruyemis.net\/en\/luxury-nuts-fruits\/#breadcrumb","itemListElement":[{"@type":"ListItem","position":1,"name":"Anasayfa","item":"https:\/\/www.tuccaroglukuruyemis.net\/en\/"},{"@type":"ListItem","position":2,"name":"Luxury Nuts &#038; Fruits"}]},{"@type":"WebSite","@id":"https:\/\/www.tuccaroglukuruyemis.net\/en\/#website","url":"https:\/\/www.tuccaroglukuruyemis.net\/en\/","name":"T\u00fcccaro\u011flu Kuruyemi\u015fleri","description":"","publisher":{"@id":"https:\/\/www.tuccaroglukuruyemis.net\/en\/#organization"},"potentialAction":[{"@type":"SearchAction","target":{"@type":"EntryPoint","urlTemplate":"https:\/\/www.tuccaroglukuruyemis.net\/en\/?s={search_term_string}"},"query-input":{"@type":"PropertyValueSpecification","valueRequired":true,"valueName":"search_term_string"}}],"inLanguage":"en-US"},{"@type":"Organization","@id":"https:\/\/www.tuccaroglukuruyemis.net\/en\/#organization","name":"T\u00fcccaro\u011flu Kuruyemi\u015fleri","url":"https:\/\/www.tuccaroglukuruyemis.net\/en\/","logo":{"@type":"ImageObject","inLanguage":"en-US","@id":"https:\/\/www.tuccaroglukuruyemis.net\/en\/#\/schema\/logo\/image\/","url":"https:\/\/www.tuccaroglukuruyemis.net\/wp-content\/uploads\/2026\/01\/cropped-images.png","contentUrl":"https:\/\/www.tuccaroglukuruyemis.net\/wp-content\/uploads\/2026\/01\/cropped-images.png","width":512,"height":512,"caption":"T\u00fcccaro\u011flu Kuruyemi\u015fleri"},"image":{"@id":"https:\/\/www.tuccaroglukuruyemis.net\/en\/#\/schema\/logo\/image\/"},"sameAs":["https:\/\/www.facebook.com\/tuccaroglukuruyemis","https:\/\/www.instagram.com\/tuccaroglukuruyemis\/"]}]}},"_links":{"self":[{"href":"https:\/\/www.tuccaroglukuruyemis.net\/en\/wp-json\/wp\/v2\/pages\/381","targetHints":{"allow":["GET"]}}],"collection":[{"href":"https:\/\/www.tuccaroglukuruyemis.net\/en\/wp-json\/wp\/v2\/pages"}],"about":[{"href":"https:\/\/www.tuccaroglukuruyemis.net\/en\/wp-json\/wp\/v2\/types\/page"}],"author":[{"embeddable":true,"href":"https:\/\/www.tuccaroglukuruyemis.net\/en\/wp-json\/wp\/v2\/users\/1"}],"replies":[{"embeddable":true,"href":"https:\/\/www.tuccaroglukuruyemis.net\/en\/wp-json\/wp\/v2\/comments?post=381"}],"version-history":[{"count":1,"href":"https:\/\/www.tuccaroglukuruyemis.net\/en\/wp-json\/wp\/v2\/pages\/381\/revisions"}],"predecessor-version":[{"id":387,"href":"https:\/\/www.tuccaroglukuruyemis.net\/en\/wp-json\/wp\/v2\/pages\/381\/revisions\/387"}],"wp:attachment":[{"href":"https:\/\/www.tuccaroglukuruyemis.net\/en\/wp-json\/wp\/v2\/media?parent=381"}],"curies":[{"name":"wp","href":"https:\/\/api.w.org\/{rel}","templated":true}]}}