{"id":391,"date":"2026-01-29T09:54:51","date_gmt":"2026-01-29T06:54:51","guid":{"rendered":"https:\/\/www.tuccaroglukuruyemis.net\/tahin-cesitlerimiz\/"},"modified":"2026-02-25T16:39:26","modified_gmt":"2026-02-25T13:39:26","slug":"our-tahini-varieties","status":"publish","type":"page","link":"https:\/\/www.tuccaroglukuruyemis.net\/en\/our-tahini-varieties\/","title":{"rendered":"Our Tahini Varieties"},"content":{"rendered":"\t\t<div data-elementor-type=\"wp-page\" data-elementor-id=\"391\" class=\"elementor elementor-391 elementor-46\">\n\t\t\t\t<div class=\"wd-negative-gap elementor-element elementor-element-743a1794 wd-section-stretch e-flex e-con-boxed e-con e-parent\" data-id=\"743a1794\" data-element_type=\"container\" data-e-type=\"container\" data-settings=\"{&quot;background_background&quot;:&quot;classic&quot;}\">\n\t\t\t\t\t<div class=\"e-con-inner\">\n\t\t<div class=\"elementor-element elementor-element-247c739f e-con-full e-flex e-con e-child\" data-id=\"247c739f\" data-element_type=\"container\" data-e-type=\"container\" data-settings=\"{&quot;background_background&quot;:&quot;classic&quot;}\">\n\t\t\t\t<div class=\"elementor-element elementor-element-12d34e5e wd-width-100 elementor-widget elementor-widget-wd_title\" data-id=\"12d34e5e\" data-element_type=\"widget\" data-e-type=\"widget\" data-widget_type=\"wd_title.default\">\n\t\t\t\t<div class=\"elementor-widget-container\">\n\t\t\t\t\t\t\t<div class=\"title-wrapper wd-set-mb reset-last-child wd-title-color-default wd-title-style-default wd-title-size-default text-left\">\n\n\t\t\t\n\t\t\t<div class=\"liner-continer\">\n\t\t\t\t<h4 class=\"woodmart-title-container title wd-fontsize-l\">Seren Tahini<\/h4> \n\t\t\t\t\t\t\t<\/div>\n\n\t\t\t\t\t<\/div>\n\t\t\t\t\t\t<\/div>\n\t\t\t\t<\/div>\n\t\t\t\t<div class=\"elementor-element elementor-element-2095340c elementor-widget elementor-widget-wd_text_block\" data-id=\"2095340c\" data-element_type=\"widget\" data-e-type=\"widget\" data-widget_type=\"wd_text_block.default\">\n\t\t\t\t<div class=\"elementor-widget-container\">\n\t\t\t\t\t\t\t<div class=\"wd-text-block reset-last-child text-left\">\n\t\t\t\n\t\t\t<p data-start=\"0\" data-end=\"321\">Seren Tahini is made by processing carefully selected high-quality sesame seeds using traditional methods. With its natural aroma, rich consistency, and pure flavor, it delivers a true tahini experience. No additives are used during production, ensuring the tahini\u2019s nutritional value and natural quality are preserved.<\/p><p data-start=\"323\" data-end=\"438\" data-is-last-node=\"\" data-is-only-node=\"\">It has a wide range of uses, from breakfasts to desserts, and from classic flavors with molasses to modern recipes.<\/p>\n\t\t\t\t\t<\/div>\n\t\t\t\t\t\t<\/div>\n\t\t\t\t<\/div>\n\t\t\t\t<div class=\"elementor-element elementor-element-82d7a31 elementor-widget elementor-widget-wd_text_block\" data-id=\"82d7a31\" data-element_type=\"widget\" data-e-type=\"widget\" data-widget_type=\"wd_text_block.default\">\n\t\t\t\t<div class=\"elementor-widget-container\">\n\t\t\t\t\t\t\t<div class=\"wd-text-block reset-last-child text-left\">\n\t\t\t\n\t\t\t<div class=\"flex flex-col text-sm pb-25\"><article class=\"text-token-text-primary w-full focus:outline-none [--shadow-height:45px] has-data-writing-block:pointer-events-none has-data-writing-block:-mt-(--shadow-height) has-data-writing-block:pt-(--shadow-height) [&amp;:has([data-writing-block])&gt;*]:pointer-events-auto scroll-mt-[calc(var(--header-height)+min(200px,max(70px,20svh)))]\" dir=\"auto\" tabindex=\"-1\" data-turn-id=\"request-WEB:316fb802-aeb9-466b-a4f7-b73bcfc474ff-43\" data-testid=\"conversation-turn-88\" data-scroll-anchor=\"true\" data-turn=\"assistant\"><div class=\"text-base my-auto mx-auto pb-10 [--thread-content-margin:--spacing(4)] @w-sm\/main:[--thread-content-margin:--spacing(6)] @w-lg\/main:[--thread-content-margin:--spacing(16)] px-(--thread-content-margin)\"><div class=\"[--thread-content-max-width:40rem] @w-lg\/main:[--thread-content-max-width:48rem] mx-auto max-w-(--thread-content-max-width) flex-1 group\/turn-messages focus-visible:outline-hidden relative flex w-full min-w-0 flex-col agent-turn\" tabindex=\"-1\"><div class=\"flex max-w-full flex-col grow\"><div class=\"min-h-8 text-message relative flex w-full flex-col items-end gap-2 text-start break-words whitespace-normal [.text-message+&amp;]:mt-1\" dir=\"auto\" data-message-author-role=\"assistant\" data-message-id=\"1854585c-1ddc-4881-be2b-6fc0cef6bfc7\" data-message-model-slug=\"gpt-5-mini\"><div class=\"flex w-full flex-col gap-1 empty:hidden first:pt-[1px]\"><div class=\"markdown prose dark:prose-invert w-full wrap-break-word light markdown-new-styling\"><p data-start=\"0\" data-end=\"94\" data-is-last-node=\"\" data-is-only-node=\"\">Seren Tahini aims to offer a reliable, natural, and healthy choice with its taste and quality.<\/p><\/div><\/div><\/div><\/div><div class=\"z-0 flex min-h-[46px] justify-start\">\u00a0<\/div><div class=\"mt-3 w-full empty:hidden\"><div class=\"text-center\">\u00a0<\/div><\/div><\/div><\/div><\/article><\/div><div class=\"pointer-events-none h-px w-px absolute bottom-0\" aria-hidden=\"true\" data-edge=\"true\">\u00a0<\/div>\n\t\t\t\t\t<\/div>\n\t\t\t\t\t\t<\/div>\n\t\t\t\t<\/div>\n\t\t<div class=\"elementor-element elementor-element-18df07aa e-con-full e-flex e-con e-child\" data-id=\"18df07aa\" data-element_type=\"container\" data-e-type=\"container\">\n\t\t\t\t<\/div>\n\t\t\t\t<\/div>\n\t\t<div class=\"elementor-element elementor-element-124a7dc6 e-con-full e-flex e-con e-child\" data-id=\"124a7dc6\" data-element_type=\"container\" data-e-type=\"container\">\n\t\t\t\t<div class=\"elementor-element elementor-element-39a77851 elementor-invisible elementor-widget elementor-widget-wd_image_or_svg\" data-id=\"39a77851\" data-element_type=\"widget\" data-e-type=\"widget\" data-settings=\"{&quot;_animation&quot;:&quot;wd-anim-top-flip-x&quot;}\" data-widget_type=\"wd_image_or_svg.default\">\n\t\t\t\t<div class=\"elementor-widget-container\">\n\t\t\t\t\t\n\t\t<div class=\"wd-image text-right\">\n\t\t\t\t\t\t\t\t<img fetchpriority=\"high\" decoding=\"async\" width=\"449\" height=\"600\" src=\"https:\/\/www.tuccaroglukuruyemis.net\/wp-content\/uploads\/2026\/01\/20150730_123503.jpg\" class=\"attachment-full size-full\" alt=\"\" srcset=\"https:\/\/www.tuccaroglukuruyemis.net\/wp-content\/uploads\/2026\/01\/20150730_123503.jpg 449w, https:\/\/www.tuccaroglukuruyemis.net\/wp-content\/uploads\/2026\/01\/20150730_123503-225x300.jpg 225w\" sizes=\"(max-width: 449px) 100vw, 449px\" \/>\t\t\t\t\t<\/div>\n\n\t\t\t\t\t\t<\/div>\n\t\t\t\t<\/div>\n\t\t\t\t<\/div>\n\t\t\t\t\t<\/div>\n\t\t\t\t<\/div>\n\t\t\t\t<\/div>\n\t\t","protected":false},"excerpt":{"rendered":"<p>Seren Tahini Seren Tahini is made by processing carefully selected high-quality sesame seeds using traditional methods. With its natural aroma,<\/p>\n","protected":false},"author":1,"featured_media":0,"parent":0,"menu_order":0,"comment_status":"closed","ping_status":"closed","template":"elementor_header_footer","meta":{"footnotes":""},"class_list":["post-391","page","type-page","status-publish","hentry"],"yoast_head":"<!-- This site is optimized with the Yoast SEO plugin v27.2 - https:\/\/yoast.com\/product\/yoast-seo-wordpress\/ -->\n<title>Our Tahini Varieties - T\u00fcccaro\u011flu Kuruyemi\u015fleri<\/title>\n<meta name=\"robots\" content=\"index, follow, max-snippet:-1, max-image-preview:large, max-video-preview:-1\" \/>\n<link rel=\"canonical\" href=\"https:\/\/www.tuccaroglukuruyemis.net\/en\/our-tahini-varieties\/\" \/>\n<meta property=\"og:locale\" content=\"en_US\" \/>\n<meta property=\"og:type\" content=\"article\" \/>\n<meta property=\"og:title\" content=\"Our Tahini Varieties - T\u00fcccaro\u011flu Kuruyemi\u015fleri\" \/>\n<meta property=\"og:description\" content=\"Seren Tahini Seren Tahini is made by processing carefully selected high-quality sesame seeds using traditional methods. With its natural aroma,\" \/>\n<meta property=\"og:url\" content=\"https:\/\/www.tuccaroglukuruyemis.net\/en\/our-tahini-varieties\/\" \/>\n<meta property=\"og:site_name\" content=\"T\u00fcccaro\u011flu Kuruyemi\u015fleri\" \/>\n<meta property=\"article:publisher\" content=\"https:\/\/www.facebook.com\/tuccaroglukuruyemis\" \/>\n<meta property=\"article:modified_time\" content=\"2026-02-25T13:39:26+00:00\" \/>\n<meta property=\"og:image\" content=\"https:\/\/www.tuccaroglukuruyemis.net\/wp-content\/uploads\/2026\/01\/20150730_123503.jpg\" \/>\n<meta name=\"twitter:card\" content=\"summary_large_image\" \/>\n<meta name=\"twitter:label1\" content=\"Est. reading time\" \/>\n\t<meta name=\"twitter:data1\" content=\"1 minute\" \/>\n<script type=\"application\/ld+json\" class=\"yoast-schema-graph\">{\"@context\":\"https:\/\/schema.org\",\"@graph\":[{\"@type\":\"WebPage\",\"@id\":\"https:\/\/www.tuccaroglukuruyemis.net\/en\/our-tahini-varieties\/\",\"url\":\"https:\/\/www.tuccaroglukuruyemis.net\/en\/our-tahini-varieties\/\",\"name\":\"Our Tahini Varieties - T\u00fcccaro\u011flu Kuruyemi\u015fleri\",\"isPartOf\":{\"@id\":\"https:\/\/www.tuccaroglukuruyemis.net\/en\/#website\"},\"primaryImageOfPage\":{\"@id\":\"https:\/\/www.tuccaroglukuruyemis.net\/en\/our-tahini-varieties\/#primaryimage\"},\"image\":{\"@id\":\"https:\/\/www.tuccaroglukuruyemis.net\/en\/our-tahini-varieties\/#primaryimage\"},\"thumbnailUrl\":\"https:\/\/www.tuccaroglukuruyemis.net\/wp-content\/uploads\/2026\/01\/20150730_123503.jpg\",\"datePublished\":\"2026-01-29T06:54:51+00:00\",\"dateModified\":\"2026-02-25T13:39:26+00:00\",\"breadcrumb\":{\"@id\":\"https:\/\/www.tuccaroglukuruyemis.net\/en\/our-tahini-varieties\/#breadcrumb\"},\"inLanguage\":\"en-US\",\"potentialAction\":[{\"@type\":\"ReadAction\",\"target\":[\"https:\/\/www.tuccaroglukuruyemis.net\/en\/our-tahini-varieties\/\"]}]},{\"@type\":\"ImageObject\",\"inLanguage\":\"en-US\",\"@id\":\"https:\/\/www.tuccaroglukuruyemis.net\/en\/our-tahini-varieties\/#primaryimage\",\"url\":\"https:\/\/www.tuccaroglukuruyemis.net\/wp-content\/uploads\/2026\/01\/20150730_123503.jpg\",\"contentUrl\":\"https:\/\/www.tuccaroglukuruyemis.net\/wp-content\/uploads\/2026\/01\/20150730_123503.jpg\"},{\"@type\":\"BreadcrumbList\",\"@id\":\"https:\/\/www.tuccaroglukuruyemis.net\/en\/our-tahini-varieties\/#breadcrumb\",\"itemListElement\":[{\"@type\":\"ListItem\",\"position\":1,\"name\":\"Anasayfa\",\"item\":\"https:\/\/www.tuccaroglukuruyemis.net\/en\/\"},{\"@type\":\"ListItem\",\"position\":2,\"name\":\"Our Tahini Varieties\"}]},{\"@type\":\"WebSite\",\"@id\":\"https:\/\/www.tuccaroglukuruyemis.net\/en\/#website\",\"url\":\"https:\/\/www.tuccaroglukuruyemis.net\/en\/\",\"name\":\"T\u00fcccaro\u011flu Kuruyemi\u015fleri\",\"description\":\"\",\"publisher\":{\"@id\":\"https:\/\/www.tuccaroglukuruyemis.net\/en\/#organization\"},\"potentialAction\":[{\"@type\":\"SearchAction\",\"target\":{\"@type\":\"EntryPoint\",\"urlTemplate\":\"https:\/\/www.tuccaroglukuruyemis.net\/en\/?s={search_term_string}\"},\"query-input\":{\"@type\":\"PropertyValueSpecification\",\"valueRequired\":true,\"valueName\":\"search_term_string\"}}],\"inLanguage\":\"en-US\"},{\"@type\":\"Organization\",\"@id\":\"https:\/\/www.tuccaroglukuruyemis.net\/en\/#organization\",\"name\":\"T\u00fcccaro\u011flu Kuruyemi\u015fleri\",\"url\":\"https:\/\/www.tuccaroglukuruyemis.net\/en\/\",\"logo\":{\"@type\":\"ImageObject\",\"inLanguage\":\"en-US\",\"@id\":\"https:\/\/www.tuccaroglukuruyemis.net\/en\/#\/schema\/logo\/image\/\",\"url\":\"https:\/\/www.tuccaroglukuruyemis.net\/wp-content\/uploads\/2026\/01\/cropped-images.png\",\"contentUrl\":\"https:\/\/www.tuccaroglukuruyemis.net\/wp-content\/uploads\/2026\/01\/cropped-images.png\",\"width\":512,\"height\":512,\"caption\":\"T\u00fcccaro\u011flu Kuruyemi\u015fleri\"},\"image\":{\"@id\":\"https:\/\/www.tuccaroglukuruyemis.net\/en\/#\/schema\/logo\/image\/\"},\"sameAs\":[\"https:\/\/www.facebook.com\/tuccaroglukuruyemis\",\"https:\/\/www.instagram.com\/tuccaroglukuruyemis\/\"]}]}<\/script>\n<!-- \/ Yoast SEO plugin. -->","yoast_head_json":{"title":"Our Tahini Varieties - T\u00fcccaro\u011flu Kuruyemi\u015fleri","robots":{"index":"index","follow":"follow","max-snippet":"max-snippet:-1","max-image-preview":"max-image-preview:large","max-video-preview":"max-video-preview:-1"},"canonical":"https:\/\/www.tuccaroglukuruyemis.net\/en\/our-tahini-varieties\/","og_locale":"en_US","og_type":"article","og_title":"Our Tahini Varieties - T\u00fcccaro\u011flu Kuruyemi\u015fleri","og_description":"Seren Tahini Seren Tahini is made by processing carefully selected high-quality sesame seeds using traditional methods. With its natural aroma,","og_url":"https:\/\/www.tuccaroglukuruyemis.net\/en\/our-tahini-varieties\/","og_site_name":"T\u00fcccaro\u011flu Kuruyemi\u015fleri","article_publisher":"https:\/\/www.facebook.com\/tuccaroglukuruyemis","article_modified_time":"2026-02-25T13:39:26+00:00","og_image":[{"url":"https:\/\/www.tuccaroglukuruyemis.net\/wp-content\/uploads\/2026\/01\/20150730_123503.jpg","type":"","width":"","height":""}],"twitter_card":"summary_large_image","twitter_misc":{"Est. reading time":"1 minute"},"schema":{"@context":"https:\/\/schema.org","@graph":[{"@type":"WebPage","@id":"https:\/\/www.tuccaroglukuruyemis.net\/en\/our-tahini-varieties\/","url":"https:\/\/www.tuccaroglukuruyemis.net\/en\/our-tahini-varieties\/","name":"Our Tahini Varieties - T\u00fcccaro\u011flu Kuruyemi\u015fleri","isPartOf":{"@id":"https:\/\/www.tuccaroglukuruyemis.net\/en\/#website"},"primaryImageOfPage":{"@id":"https:\/\/www.tuccaroglukuruyemis.net\/en\/our-tahini-varieties\/#primaryimage"},"image":{"@id":"https:\/\/www.tuccaroglukuruyemis.net\/en\/our-tahini-varieties\/#primaryimage"},"thumbnailUrl":"https:\/\/www.tuccaroglukuruyemis.net\/wp-content\/uploads\/2026\/01\/20150730_123503.jpg","datePublished":"2026-01-29T06:54:51+00:00","dateModified":"2026-02-25T13:39:26+00:00","breadcrumb":{"@id":"https:\/\/www.tuccaroglukuruyemis.net\/en\/our-tahini-varieties\/#breadcrumb"},"inLanguage":"en-US","potentialAction":[{"@type":"ReadAction","target":["https:\/\/www.tuccaroglukuruyemis.net\/en\/our-tahini-varieties\/"]}]},{"@type":"ImageObject","inLanguage":"en-US","@id":"https:\/\/www.tuccaroglukuruyemis.net\/en\/our-tahini-varieties\/#primaryimage","url":"https:\/\/www.tuccaroglukuruyemis.net\/wp-content\/uploads\/2026\/01\/20150730_123503.jpg","contentUrl":"https:\/\/www.tuccaroglukuruyemis.net\/wp-content\/uploads\/2026\/01\/20150730_123503.jpg"},{"@type":"BreadcrumbList","@id":"https:\/\/www.tuccaroglukuruyemis.net\/en\/our-tahini-varieties\/#breadcrumb","itemListElement":[{"@type":"ListItem","position":1,"name":"Anasayfa","item":"https:\/\/www.tuccaroglukuruyemis.net\/en\/"},{"@type":"ListItem","position":2,"name":"Our Tahini Varieties"}]},{"@type":"WebSite","@id":"https:\/\/www.tuccaroglukuruyemis.net\/en\/#website","url":"https:\/\/www.tuccaroglukuruyemis.net\/en\/","name":"T\u00fcccaro\u011flu Kuruyemi\u015fleri","description":"","publisher":{"@id":"https:\/\/www.tuccaroglukuruyemis.net\/en\/#organization"},"potentialAction":[{"@type":"SearchAction","target":{"@type":"EntryPoint","urlTemplate":"https:\/\/www.tuccaroglukuruyemis.net\/en\/?s={search_term_string}"},"query-input":{"@type":"PropertyValueSpecification","valueRequired":true,"valueName":"search_term_string"}}],"inLanguage":"en-US"},{"@type":"Organization","@id":"https:\/\/www.tuccaroglukuruyemis.net\/en\/#organization","name":"T\u00fcccaro\u011flu Kuruyemi\u015fleri","url":"https:\/\/www.tuccaroglukuruyemis.net\/en\/","logo":{"@type":"ImageObject","inLanguage":"en-US","@id":"https:\/\/www.tuccaroglukuruyemis.net\/en\/#\/schema\/logo\/image\/","url":"https:\/\/www.tuccaroglukuruyemis.net\/wp-content\/uploads\/2026\/01\/cropped-images.png","contentUrl":"https:\/\/www.tuccaroglukuruyemis.net\/wp-content\/uploads\/2026\/01\/cropped-images.png","width":512,"height":512,"caption":"T\u00fcccaro\u011flu Kuruyemi\u015fleri"},"image":{"@id":"https:\/\/www.tuccaroglukuruyemis.net\/en\/#\/schema\/logo\/image\/"},"sameAs":["https:\/\/www.facebook.com\/tuccaroglukuruyemis","https:\/\/www.instagram.com\/tuccaroglukuruyemis\/"]}]}},"_links":{"self":[{"href":"https:\/\/www.tuccaroglukuruyemis.net\/en\/wp-json\/wp\/v2\/pages\/391","targetHints":{"allow":["GET"]}}],"collection":[{"href":"https:\/\/www.tuccaroglukuruyemis.net\/en\/wp-json\/wp\/v2\/pages"}],"about":[{"href":"https:\/\/www.tuccaroglukuruyemis.net\/en\/wp-json\/wp\/v2\/types\/page"}],"author":[{"embeddable":true,"href":"https:\/\/www.tuccaroglukuruyemis.net\/en\/wp-json\/wp\/v2\/users\/1"}],"replies":[{"embeddable":true,"href":"https:\/\/www.tuccaroglukuruyemis.net\/en\/wp-json\/wp\/v2\/comments?post=391"}],"version-history":[{"count":4,"href":"https:\/\/www.tuccaroglukuruyemis.net\/en\/wp-json\/wp\/v2\/pages\/391\/revisions"}],"predecessor-version":[{"id":397,"href":"https:\/\/www.tuccaroglukuruyemis.net\/en\/wp-json\/wp\/v2\/pages\/391\/revisions\/397"}],"wp:attachment":[{"href":"https:\/\/www.tuccaroglukuruyemis.net\/en\/wp-json\/wp\/v2\/media?parent=391"}],"curies":[{"name":"wp","href":"https:\/\/api.w.org\/{rel}","templated":true}]}}