{"id":406,"date":"2026-01-29T10:01:24","date_gmt":"2026-01-29T07:01:24","guid":{"rendered":"https:\/\/www.tuccaroglukuruyemis.net\/pastelli\/"},"modified":"2026-02-25T16:41:38","modified_gmt":"2026-02-25T13:41:38","slug":"pastelli","status":"publish","type":"page","link":"https:\/\/www.tuccaroglukuruyemis.net\/en\/pastelli\/","title":{"rendered":"Pastelli"},"content":{"rendered":"\t\t<div data-elementor-type=\"wp-page\" data-elementor-id=\"406\" class=\"elementor elementor-406 elementor-63\">\n\t\t\t\t<div class=\"wd-negative-gap elementor-element elementor-element-5a09be92 wd-section-stretch e-flex e-con-boxed e-con e-parent\" data-id=\"5a09be92\" data-element_type=\"container\" data-e-type=\"container\" data-settings=\"{&quot;background_background&quot;:&quot;classic&quot;}\">\n\t\t\t\t\t<div class=\"e-con-inner\">\n\t\t<div class=\"elementor-element elementor-element-6d12e0f9 e-con-full e-flex e-con e-child\" data-id=\"6d12e0f9\" data-element_type=\"container\" data-e-type=\"container\" data-settings=\"{&quot;background_background&quot;:&quot;classic&quot;}\">\n\t\t\t\t<div class=\"elementor-element elementor-element-4c9ed161 wd-width-100 elementor-widget elementor-widget-wd_title\" data-id=\"4c9ed161\" data-element_type=\"widget\" data-e-type=\"widget\" data-widget_type=\"wd_title.default\">\n\t\t\t\t<div class=\"elementor-widget-container\">\n\t\t\t\t\t\t\t<div class=\"title-wrapper wd-set-mb reset-last-child wd-title-color-default wd-title-style-default wd-title-size-default text-left\">\n\n\t\t\t\n\t\t\t<div class=\"liner-continer\">\n\t\t\t\t<h4 class=\"woodmart-title-container title wd-fontsize-l\">T\u00fcccaro\u011flu Pastelli<\/h4> \n\t\t\t\t\t\t\t<\/div>\n\n\t\t\t\t\t<\/div>\n\t\t\t\t\t\t<\/div>\n\t\t\t\t<\/div>\n\t\t\t\t<div class=\"elementor-element elementor-element-38441ee9 elementor-widget elementor-widget-wd_text_block\" data-id=\"38441ee9\" data-element_type=\"widget\" data-e-type=\"widget\" data-widget_type=\"wd_text_block.default\">\n\t\t\t\t<div class=\"elementor-widget-container\">\n\t\t\t\t\t\t\t<div class=\"wd-text-block reset-last-child text-left\">\n\t\t\t\n\t\t\t<article class=\"text-token-text-primary w-full focus:outline-none [--shadow-height:45px] has-data-writing-block:pointer-events-none has-data-writing-block:-mt-(--shadow-height) has-data-writing-block:pt-(--shadow-height) [&amp;:has([data-writing-block])&gt;*]:pointer-events-auto scroll-mt-(--header-height)\" dir=\"auto\" tabindex=\"-1\" data-turn-id=\"4c306981-9848-4e42-bb51-938f70bd3ebb\" data-testid=\"conversation-turn-93\" data-scroll-anchor=\"false\" data-turn=\"user\"><\/article><article class=\"text-token-text-primary w-full focus:outline-none [--shadow-height:45px] has-data-writing-block:pointer-events-none has-data-writing-block:-mt-(--shadow-height) has-data-writing-block:pt-(--shadow-height) [&amp;:has([data-writing-block])&gt;*]:pointer-events-auto scroll-mt-[calc(var(--header-height)+min(200px,max(70px,20svh)))]\" dir=\"auto\" tabindex=\"-1\" data-turn-id=\"request-WEB:316fb802-aeb9-466b-a4f7-b73bcfc474ff-46\" data-testid=\"conversation-turn-94\" data-scroll-anchor=\"false\" data-turn=\"assistant\"><div class=\"text-base my-auto mx-auto [--thread-content-margin:--spacing(4)] @w-sm\/main:[--thread-content-margin:--spacing(6)] @w-lg\/main:[--thread-content-margin:--spacing(16)] px-(--thread-content-margin)\"><div class=\"[--thread-content-max-width:40rem] @w-lg\/main:[--thread-content-max-width:48rem] mx-auto max-w-(--thread-content-max-width) flex-1 group\/turn-messages focus-visible:outline-hidden relative flex w-full min-w-0 flex-col agent-turn\" tabindex=\"-1\"><div class=\"flex max-w-full flex-col grow\"><div class=\"min-h-8 text-message relative flex w-full flex-col items-end gap-2 text-start break-words whitespace-normal [.text-message+&amp;]:mt-1\" dir=\"auto\" data-message-author-role=\"assistant\" data-message-id=\"62b7a1e7-27f8-480a-95b6-aad27443b65a\" data-message-model-slug=\"gpt-5-mini\"><div class=\"flex w-full flex-col gap-1 empty:hidden first:pt-[1px]\"><div class=\"markdown prose dark:prose-invert w-full wrap-break-word light markdown-new-styling\"><p data-start=\"0\" data-end=\"253\">T\u00fcccaro\u011flu Pastelli is a special product that combines traditional flavor with natural ingredients. Made by bringing carefully selected sesame seeds together with natural molasses, it is produced without additives and stands out with its unique aroma.<\/p><p data-start=\"255\" data-end=\"490\" data-is-last-node=\"\" data-is-only-node=\"\">Thanks to its energy-boosting and satisfying qualities, it can be enjoyed both as a daily snack and at breakfast. With freshness and flavor felt in every bite, T\u00fcccaro\u011flu Pastelli aims to bring traditional Cypriot tastes to your table.<\/p><\/div><\/div><\/div><\/div><\/div><\/div><\/article>\n\t\t\t\t\t<\/div>\n\t\t\t\t\t\t<\/div>\n\t\t\t\t<\/div>\n\t\t\t\t<div class=\"elementor-element elementor-element-43df1af2 elementor-widget elementor-widget-wd_text_block\" data-id=\"43df1af2\" data-element_type=\"widget\" data-e-type=\"widget\" data-widget_type=\"wd_text_block.default\">\n\t\t\t\t<div class=\"elementor-widget-container\">\n\t\t\t\t\t\t\t<div class=\"wd-text-block reset-last-child text-left\">\n\t\t\t\n\t\t\t<p>With freshness and flavor in every bite, T\u00fcccaro\u011flu Pastelli aims to bring traditional Cypriot flavors to your table.<\/p>\n\t\t\t\t\t<\/div>\n\t\t\t\t\t\t<\/div>\n\t\t\t\t<\/div>\n\t\t\t\t<\/div>\n\t\t<div class=\"elementor-element elementor-element-485600c9 e-con-full e-flex e-con e-child\" data-id=\"485600c9\" data-element_type=\"container\" data-e-type=\"container\">\n\t\t\t\t<div class=\"elementor-element elementor-element-6bb37305 elementor-invisible elementor-widget elementor-widget-wd_image_or_svg\" data-id=\"6bb37305\" data-element_type=\"widget\" data-e-type=\"widget\" data-settings=\"{&quot;_animation&quot;:&quot;wd-anim-right-flip-y&quot;}\" data-widget_type=\"wd_image_or_svg.default\">\n\t\t\t\t<div class=\"elementor-widget-container\">\n\t\t\t\t\t\n\t\t<div class=\"wd-image text-right\">\n\t\t\t\t\t\t\t\t<img fetchpriority=\"high\" decoding=\"async\" width=\"600\" height=\"802\" src=\"https:\/\/www.tuccaroglukuruyemis.net\/wp-content\/uploads\/2026\/01\/8b6e33345ac8d5ffd9cf0d107a7d9e9d_L.jpg\" class=\"attachment-full size-full\" alt=\"\" srcset=\"https:\/\/www.tuccaroglukuruyemis.net\/wp-content\/uploads\/2026\/01\/8b6e33345ac8d5ffd9cf0d107a7d9e9d_L.jpg 600w, https:\/\/www.tuccaroglukuruyemis.net\/wp-content\/uploads\/2026\/01\/8b6e33345ac8d5ffd9cf0d107a7d9e9d_L-224x300.jpg 224w\" sizes=\"(max-width: 600px) 100vw, 600px\" \/>\t\t\t\t\t<\/div>\n\n\t\t\t\t\t\t<\/div>\n\t\t\t\t<\/div>\n\t\t\t\t<\/div>\n\t\t\t\t\t<\/div>\n\t\t\t\t<\/div>\n\t\t\t\t<\/div>\n\t\t","protected":false},"excerpt":{"rendered":"<p>T\u00fcccaro\u011flu Pastelli T\u00fcccaro\u011flu Pastelli is a special product that combines traditional flavor with natural ingredients. Made by bringing carefully selected<\/p>\n","protected":false},"author":1,"featured_media":0,"parent":0,"menu_order":0,"comment_status":"closed","ping_status":"closed","template":"elementor_header_footer","meta":{"footnotes":""},"class_list":["post-406","page","type-page","status-publish","hentry"],"yoast_head":"<!-- This site is optimized with the Yoast SEO plugin v27.2 - https:\/\/yoast.com\/product\/yoast-seo-wordpress\/ -->\n<title>Pastelli - T\u00fcccaro\u011flu Kuruyemi\u015fleri<\/title>\n<meta name=\"robots\" content=\"index, follow, max-snippet:-1, max-image-preview:large, max-video-preview:-1\" \/>\n<link rel=\"canonical\" href=\"https:\/\/www.tuccaroglukuruyemis.net\/en\/pastelli\/\" \/>\n<meta property=\"og:locale\" content=\"en_US\" \/>\n<meta property=\"og:type\" content=\"article\" \/>\n<meta property=\"og:title\" content=\"Pastelli - T\u00fcccaro\u011flu Kuruyemi\u015fleri\" \/>\n<meta property=\"og:description\" content=\"T\u00fcccaro\u011flu Pastelli T\u00fcccaro\u011flu Pastelli is a special product that combines traditional flavor with natural ingredients. Made by bringing carefully selected\" \/>\n<meta property=\"og:url\" content=\"https:\/\/www.tuccaroglukuruyemis.net\/en\/pastelli\/\" \/>\n<meta property=\"og:site_name\" content=\"T\u00fcccaro\u011flu Kuruyemi\u015fleri\" \/>\n<meta property=\"article:publisher\" content=\"https:\/\/www.facebook.com\/tuccaroglukuruyemis\" \/>\n<meta property=\"article:modified_time\" content=\"2026-02-25T13:41:38+00:00\" \/>\n<meta property=\"og:image\" content=\"https:\/\/www.tuccaroglukuruyemis.net\/wp-content\/uploads\/2026\/01\/8b6e33345ac8d5ffd9cf0d107a7d9e9d_L.jpg\" \/>\n<meta name=\"twitter:card\" content=\"summary_large_image\" \/>\n<meta name=\"twitter:label1\" content=\"Est. reading time\" \/>\n\t<meta name=\"twitter:data1\" content=\"1 minute\" \/>\n<script type=\"application\/ld+json\" class=\"yoast-schema-graph\">{\"@context\":\"https:\/\/schema.org\",\"@graph\":[{\"@type\":\"WebPage\",\"@id\":\"https:\/\/www.tuccaroglukuruyemis.net\/en\/pastelli\/\",\"url\":\"https:\/\/www.tuccaroglukuruyemis.net\/en\/pastelli\/\",\"name\":\"Pastelli - T\u00fcccaro\u011flu Kuruyemi\u015fleri\",\"isPartOf\":{\"@id\":\"https:\/\/www.tuccaroglukuruyemis.net\/en\/#website\"},\"primaryImageOfPage\":{\"@id\":\"https:\/\/www.tuccaroglukuruyemis.net\/en\/pastelli\/#primaryimage\"},\"image\":{\"@id\":\"https:\/\/www.tuccaroglukuruyemis.net\/en\/pastelli\/#primaryimage\"},\"thumbnailUrl\":\"https:\/\/www.tuccaroglukuruyemis.net\/wp-content\/uploads\/2026\/01\/8b6e33345ac8d5ffd9cf0d107a7d9e9d_L.jpg\",\"datePublished\":\"2026-01-29T07:01:24+00:00\",\"dateModified\":\"2026-02-25T13:41:38+00:00\",\"breadcrumb\":{\"@id\":\"https:\/\/www.tuccaroglukuruyemis.net\/en\/pastelli\/#breadcrumb\"},\"inLanguage\":\"en-US\",\"potentialAction\":[{\"@type\":\"ReadAction\",\"target\":[\"https:\/\/www.tuccaroglukuruyemis.net\/en\/pastelli\/\"]}]},{\"@type\":\"ImageObject\",\"inLanguage\":\"en-US\",\"@id\":\"https:\/\/www.tuccaroglukuruyemis.net\/en\/pastelli\/#primaryimage\",\"url\":\"https:\/\/www.tuccaroglukuruyemis.net\/wp-content\/uploads\/2026\/01\/8b6e33345ac8d5ffd9cf0d107a7d9e9d_L.jpg\",\"contentUrl\":\"https:\/\/www.tuccaroglukuruyemis.net\/wp-content\/uploads\/2026\/01\/8b6e33345ac8d5ffd9cf0d107a7d9e9d_L.jpg\"},{\"@type\":\"BreadcrumbList\",\"@id\":\"https:\/\/www.tuccaroglukuruyemis.net\/en\/pastelli\/#breadcrumb\",\"itemListElement\":[{\"@type\":\"ListItem\",\"position\":1,\"name\":\"Anasayfa\",\"item\":\"https:\/\/www.tuccaroglukuruyemis.net\/en\/\"},{\"@type\":\"ListItem\",\"position\":2,\"name\":\"Pastelli\"}]},{\"@type\":\"WebSite\",\"@id\":\"https:\/\/www.tuccaroglukuruyemis.net\/en\/#website\",\"url\":\"https:\/\/www.tuccaroglukuruyemis.net\/en\/\",\"name\":\"T\u00fcccaro\u011flu Kuruyemi\u015fleri\",\"description\":\"\",\"publisher\":{\"@id\":\"https:\/\/www.tuccaroglukuruyemis.net\/en\/#organization\"},\"potentialAction\":[{\"@type\":\"SearchAction\",\"target\":{\"@type\":\"EntryPoint\",\"urlTemplate\":\"https:\/\/www.tuccaroglukuruyemis.net\/en\/?s={search_term_string}\"},\"query-input\":{\"@type\":\"PropertyValueSpecification\",\"valueRequired\":true,\"valueName\":\"search_term_string\"}}],\"inLanguage\":\"en-US\"},{\"@type\":\"Organization\",\"@id\":\"https:\/\/www.tuccaroglukuruyemis.net\/en\/#organization\",\"name\":\"T\u00fcccaro\u011flu Kuruyemi\u015fleri\",\"url\":\"https:\/\/www.tuccaroglukuruyemis.net\/en\/\",\"logo\":{\"@type\":\"ImageObject\",\"inLanguage\":\"en-US\",\"@id\":\"https:\/\/www.tuccaroglukuruyemis.net\/en\/#\/schema\/logo\/image\/\",\"url\":\"https:\/\/www.tuccaroglukuruyemis.net\/wp-content\/uploads\/2026\/01\/cropped-images.png\",\"contentUrl\":\"https:\/\/www.tuccaroglukuruyemis.net\/wp-content\/uploads\/2026\/01\/cropped-images.png\",\"width\":512,\"height\":512,\"caption\":\"T\u00fcccaro\u011flu Kuruyemi\u015fleri\"},\"image\":{\"@id\":\"https:\/\/www.tuccaroglukuruyemis.net\/en\/#\/schema\/logo\/image\/\"},\"sameAs\":[\"https:\/\/www.facebook.com\/tuccaroglukuruyemis\",\"https:\/\/www.instagram.com\/tuccaroglukuruyemis\/\"]}]}<\/script>\n<!-- \/ Yoast SEO plugin. -->","yoast_head_json":{"title":"Pastelli - T\u00fcccaro\u011flu Kuruyemi\u015fleri","robots":{"index":"index","follow":"follow","max-snippet":"max-snippet:-1","max-image-preview":"max-image-preview:large","max-video-preview":"max-video-preview:-1"},"canonical":"https:\/\/www.tuccaroglukuruyemis.net\/en\/pastelli\/","og_locale":"en_US","og_type":"article","og_title":"Pastelli - T\u00fcccaro\u011flu Kuruyemi\u015fleri","og_description":"T\u00fcccaro\u011flu Pastelli T\u00fcccaro\u011flu Pastelli is a special product that combines traditional flavor with natural ingredients. Made by bringing carefully selected","og_url":"https:\/\/www.tuccaroglukuruyemis.net\/en\/pastelli\/","og_site_name":"T\u00fcccaro\u011flu Kuruyemi\u015fleri","article_publisher":"https:\/\/www.facebook.com\/tuccaroglukuruyemis","article_modified_time":"2026-02-25T13:41:38+00:00","og_image":[{"url":"https:\/\/www.tuccaroglukuruyemis.net\/wp-content\/uploads\/2026\/01\/8b6e33345ac8d5ffd9cf0d107a7d9e9d_L.jpg","type":"","width":"","height":""}],"twitter_card":"summary_large_image","twitter_misc":{"Est. reading time":"1 minute"},"schema":{"@context":"https:\/\/schema.org","@graph":[{"@type":"WebPage","@id":"https:\/\/www.tuccaroglukuruyemis.net\/en\/pastelli\/","url":"https:\/\/www.tuccaroglukuruyemis.net\/en\/pastelli\/","name":"Pastelli - T\u00fcccaro\u011flu Kuruyemi\u015fleri","isPartOf":{"@id":"https:\/\/www.tuccaroglukuruyemis.net\/en\/#website"},"primaryImageOfPage":{"@id":"https:\/\/www.tuccaroglukuruyemis.net\/en\/pastelli\/#primaryimage"},"image":{"@id":"https:\/\/www.tuccaroglukuruyemis.net\/en\/pastelli\/#primaryimage"},"thumbnailUrl":"https:\/\/www.tuccaroglukuruyemis.net\/wp-content\/uploads\/2026\/01\/8b6e33345ac8d5ffd9cf0d107a7d9e9d_L.jpg","datePublished":"2026-01-29T07:01:24+00:00","dateModified":"2026-02-25T13:41:38+00:00","breadcrumb":{"@id":"https:\/\/www.tuccaroglukuruyemis.net\/en\/pastelli\/#breadcrumb"},"inLanguage":"en-US","potentialAction":[{"@type":"ReadAction","target":["https:\/\/www.tuccaroglukuruyemis.net\/en\/pastelli\/"]}]},{"@type":"ImageObject","inLanguage":"en-US","@id":"https:\/\/www.tuccaroglukuruyemis.net\/en\/pastelli\/#primaryimage","url":"https:\/\/www.tuccaroglukuruyemis.net\/wp-content\/uploads\/2026\/01\/8b6e33345ac8d5ffd9cf0d107a7d9e9d_L.jpg","contentUrl":"https:\/\/www.tuccaroglukuruyemis.net\/wp-content\/uploads\/2026\/01\/8b6e33345ac8d5ffd9cf0d107a7d9e9d_L.jpg"},{"@type":"BreadcrumbList","@id":"https:\/\/www.tuccaroglukuruyemis.net\/en\/pastelli\/#breadcrumb","itemListElement":[{"@type":"ListItem","position":1,"name":"Anasayfa","item":"https:\/\/www.tuccaroglukuruyemis.net\/en\/"},{"@type":"ListItem","position":2,"name":"Pastelli"}]},{"@type":"WebSite","@id":"https:\/\/www.tuccaroglukuruyemis.net\/en\/#website","url":"https:\/\/www.tuccaroglukuruyemis.net\/en\/","name":"T\u00fcccaro\u011flu Kuruyemi\u015fleri","description":"","publisher":{"@id":"https:\/\/www.tuccaroglukuruyemis.net\/en\/#organization"},"potentialAction":[{"@type":"SearchAction","target":{"@type":"EntryPoint","urlTemplate":"https:\/\/www.tuccaroglukuruyemis.net\/en\/?s={search_term_string}"},"query-input":{"@type":"PropertyValueSpecification","valueRequired":true,"valueName":"search_term_string"}}],"inLanguage":"en-US"},{"@type":"Organization","@id":"https:\/\/www.tuccaroglukuruyemis.net\/en\/#organization","name":"T\u00fcccaro\u011flu Kuruyemi\u015fleri","url":"https:\/\/www.tuccaroglukuruyemis.net\/en\/","logo":{"@type":"ImageObject","inLanguage":"en-US","@id":"https:\/\/www.tuccaroglukuruyemis.net\/en\/#\/schema\/logo\/image\/","url":"https:\/\/www.tuccaroglukuruyemis.net\/wp-content\/uploads\/2026\/01\/cropped-images.png","contentUrl":"https:\/\/www.tuccaroglukuruyemis.net\/wp-content\/uploads\/2026\/01\/cropped-images.png","width":512,"height":512,"caption":"T\u00fcccaro\u011flu Kuruyemi\u015fleri"},"image":{"@id":"https:\/\/www.tuccaroglukuruyemis.net\/en\/#\/schema\/logo\/image\/"},"sameAs":["https:\/\/www.facebook.com\/tuccaroglukuruyemis","https:\/\/www.instagram.com\/tuccaroglukuruyemis\/"]}]}},"_links":{"self":[{"href":"https:\/\/www.tuccaroglukuruyemis.net\/en\/wp-json\/wp\/v2\/pages\/406","targetHints":{"allow":["GET"]}}],"collection":[{"href":"https:\/\/www.tuccaroglukuruyemis.net\/en\/wp-json\/wp\/v2\/pages"}],"about":[{"href":"https:\/\/www.tuccaroglukuruyemis.net\/en\/wp-json\/wp\/v2\/types\/page"}],"author":[{"embeddable":true,"href":"https:\/\/www.tuccaroglukuruyemis.net\/en\/wp-json\/wp\/v2\/users\/1"}],"replies":[{"embeddable":true,"href":"https:\/\/www.tuccaroglukuruyemis.net\/en\/wp-json\/wp\/v2\/comments?post=406"}],"version-history":[{"count":3,"href":"https:\/\/www.tuccaroglukuruyemis.net\/en\/wp-json\/wp\/v2\/pages\/406\/revisions"}],"predecessor-version":[{"id":410,"href":"https:\/\/www.tuccaroglukuruyemis.net\/en\/wp-json\/wp\/v2\/pages\/406\/revisions\/410"}],"wp:attachment":[{"href":"https:\/\/www.tuccaroglukuruyemis.net\/en\/wp-json\/wp\/v2\/media?parent=406"}],"curies":[{"name":"wp","href":"https:\/\/api.w.org\/{rel}","templated":true}]}}