{"id":419,"date":"2026-01-29T10:04:24","date_gmt":"2026-01-29T07:04:24","guid":{"rendered":"https:\/\/www.tuccaroglukuruyemis.net\/seren-tahin\/"},"modified":"2026-02-25T16:46:43","modified_gmt":"2026-02-25T13:46:43","slug":"seren-tahin","status":"publish","type":"page","link":"https:\/\/www.tuccaroglukuruyemis.net\/en\/seren-tahin\/","title":{"rendered":"Seren Tahin"},"content":{"rendered":"\t\t<div data-elementor-type=\"wp-page\" data-elementor-id=\"419\" class=\"elementor elementor-419 elementor-75\">\n\t\t\t\t<div class=\"wd-negative-gap elementor-element elementor-element-17c66f70 wd-section-stretch e-flex e-con-boxed e-con e-parent\" data-id=\"17c66f70\" data-element_type=\"container\" data-e-type=\"container\" data-settings=\"{&quot;background_background&quot;:&quot;classic&quot;}\">\n\t\t\t\t\t<div class=\"e-con-inner\">\n\t\t<div class=\"elementor-element elementor-element-7e7426c4 e-con-full e-flex e-con e-child\" data-id=\"7e7426c4\" data-element_type=\"container\" data-e-type=\"container\" data-settings=\"{&quot;background_background&quot;:&quot;classic&quot;}\">\n\t\t\t\t<div class=\"elementor-element elementor-element-203f1423 wd-width-100 elementor-invisible elementor-widget elementor-widget-wd_title\" data-id=\"203f1423\" data-element_type=\"widget\" data-e-type=\"widget\" data-settings=\"{&quot;_animation&quot;:&quot;zoomInRight&quot;}\" data-widget_type=\"wd_title.default\">\n\t\t\t\t<div class=\"elementor-widget-container\">\n\t\t\t\t\t\t\t<div class=\"title-wrapper wd-set-mb reset-last-child wd-title-color-default wd-title-style-default wd-title-size-default text-left\">\n\n\t\t\t\t\t\t\t\t\t\t\t<div class=\"title-subtitle subtitle-color-default subtitle-style-default wd-fontsize-xs\">\n\t\t\t\t\tSeren Tahin\t\t\t\t<\/div>\n\t\t\t\n\t\t\t<div class=\"liner-continer\">\n\t\t\t\t<h4 class=\"woodmart-title-container title wd-fontsize-l\">\"The Most Natural Form of Sesame\"<\/h4> \n\t\t\t\t\t\t\t<\/div>\n\n\t\t\t\t\t<\/div>\n\t\t\t\t\t\t<\/div>\n\t\t\t\t<\/div>\n\t\t\t\t<div class=\"elementor-element elementor-element-215fd12e elementor-invisible elementor-widget elementor-widget-wd_text_block\" data-id=\"215fd12e\" data-element_type=\"widget\" data-e-type=\"widget\" data-settings=\"{&quot;_animation&quot;:&quot;fadeInUp&quot;}\" data-widget_type=\"wd_text_block.default\">\n\t\t\t\t<div class=\"elementor-widget-container\">\n\t\t\t\t\t\t\t<div class=\"wd-text-block reset-last-child text-left\">\n\t\t\t\n\t\t\t<p data-start=\"0\" data-end=\"223\">Seren Tahini is produced by carefully selecting the highest quality sesame seeds and processing them using traditional methods. With its rich aroma, smooth texture, and natural flavor, it offers tahini in its purest form.<\/p><p data-start=\"225\" data-end=\"447\" data-is-last-node=\"\" data-is-only-node=\"\">With a wide range of uses\u2014from breakfasts to desserts, and from traditional recipes to modern kitchens\u2014Seren Tahini can be enjoyed safely thanks to its additive-free composition. Combining naturalness and quality, Seren...<\/p>\n\t\t\t\t\t<\/div>\n\t\t\t\t\t\t<\/div>\n\t\t\t\t<\/div>\n\t\t\t\t<div class=\"elementor-element elementor-element-5d43b1ff elementor-widget elementor-widget-wd_text_block\" data-id=\"5d43b1ff\" data-element_type=\"widget\" data-e-type=\"widget\" data-widget_type=\"wd_text_block.default\">\n\t\t\t\t<div class=\"elementor-widget-container\">\n\t\t\t\t\t\t\t<div class=\"wd-text-block reset-last-child text-left\">\n\t\t\t\n\t\t\t<div class=\"flex flex-col text-sm pb-25\"><article class=\"text-token-text-primary w-full focus:outline-none [--shadow-height:45px] has-data-writing-block:pointer-events-none has-data-writing-block:-mt-(--shadow-height) has-data-writing-block:pt-(--shadow-height) [&amp;:has([data-writing-block])&gt;*]:pointer-events-auto scroll-mt-[calc(var(--header-height)+min(200px,max(70px,20svh)))]\" dir=\"auto\" tabindex=\"-1\" data-turn-id=\"request-WEB:316fb802-aeb9-466b-a4f7-b73bcfc474ff-51\" data-testid=\"conversation-turn-104\" data-scroll-anchor=\"true\" data-turn=\"assistant\"><div class=\"text-base my-auto mx-auto pb-10 [--thread-content-margin:--spacing(4)] @w-sm\/main:[--thread-content-margin:--spacing(6)] @w-lg\/main:[--thread-content-margin:--spacing(16)] px-(--thread-content-margin)\"><div class=\"[--thread-content-max-width:40rem] @w-lg\/main:[--thread-content-max-width:48rem] mx-auto max-w-(--thread-content-max-width) flex-1 group\/turn-messages focus-visible:outline-hidden relative flex w-full min-w-0 flex-col agent-turn\" tabindex=\"-1\"><div class=\"flex max-w-full flex-col grow\"><div class=\"min-h-8 text-message relative flex w-full flex-col items-end gap-2 text-start break-words whitespace-normal [.text-message+&amp;]:mt-1\" dir=\"auto\" data-message-author-role=\"assistant\" data-message-id=\"964832b5-ceba-41f5-bfb8-f03fb256f05e\" data-message-model-slug=\"gpt-5-mini\"><div class=\"flex w-full flex-col gap-1 empty:hidden first:pt-[1px]\"><div class=\"markdown prose dark:prose-invert w-full wrap-break-word light markdown-new-styling\"><p data-start=\"0\" data-end=\"70\" data-is-last-node=\"\" data-is-only-node=\"\">It aims to become one of the indispensable flavors of Cypriot cuisine.<\/p><\/div><\/div><\/div><\/div><div class=\"z-0 flex min-h-[46px] justify-start\">\u00a0<\/div><div class=\"mt-3 w-full empty:hidden\"><div class=\"text-center\">\u00a0<\/div><\/div><\/div><\/div><\/article><\/div><div class=\"pointer-events-none h-px w-px absolute bottom-0\" aria-hidden=\"true\" data-edge=\"true\">\u00a0<\/div>\n\t\t\t\t\t<\/div>\n\t\t\t\t\t\t<\/div>\n\t\t\t\t<\/div>\n\t\t<div class=\"elementor-element elementor-element-3a44b44d e-con-full e-flex e-con e-child\" data-id=\"3a44b44d\" data-element_type=\"container\" data-e-type=\"container\">\n\t\t\t\t<div class=\"elementor-element elementor-element-cfef26c elementor-widget elementor-widget-wd_button\" data-id=\"cfef26c\" data-element_type=\"widget\" data-e-type=\"widget\" data-widget_type=\"wd_button.default\">\n\t\t\t\t<div class=\"elementor-widget-container\">\n\t\t\t\t\t\t\t<div class=\"wd-button-wrapper text-center\" >\n\t\t\t<a class=\"btn btn-style-default btn-shape-rectangle btn-size-default btn-color-alt btn-icon-pos-right\"  href=\"https:\/\/www.tuccaroglukuruyemis.net\/en\/our-tahini-varieties\/\">\n\t\t\t\t<span class=\"wd-btn-text\" data-elementor-setting-key=\"text\">\n\t\t\t\t\tSeren Tahin\t\t\t\t<\/span>\n\n\t\t\t\t\t\t\t\t\t<span class=\"wd-btn-icon\">\n\t\t\t\t\t\t<svg class=\"wd-icon e-font-icon-svg e-fas-mouse-pointer\" viewBox=\"0 0 320 512\" xmlns=\"http:\/\/www.w3.org\/2000\/svg\"><path d=\"M302.189 329.126H196.105l55.831 135.993c3.889 9.428-.555 19.999-9.444 23.999l-49.165 21.427c-9.165 4-19.443-.571-23.332-9.714l-53.053-129.136-86.664 89.138C18.729 472.71 0 463.554 0 447.977V18.299C0 1.899 19.921-6.096 30.277 5.443l284.412 292.542c11.472 11.179 3.007 31.141-12.5 31.141z\"><\/path><\/svg>\t\t\t\t\t<\/span>\n\t\t\t\t\t\t\t<\/a>\n\t\t<\/div>\n\t\t\t\t\t\t<\/div>\n\t\t\t\t<\/div>\n\t\t\t\t<div class=\"elementor-element elementor-element-7e481a11 elementor-widget__width-auto elementor-widget elementor-widget-wd_infobox\" data-id=\"7e481a11\" data-element_type=\"widget\" data-e-type=\"widget\" data-widget_type=\"wd_infobox.default\">\n\t\t\t\t<div class=\"elementor-widget-container\">\n\t\t\t\t\t\t\t<div class=\"info-box-wrapper\">\n\t\t\t<div class=\"wd-info-box text-right box-icon-align-right box-style-base color-scheme- wd-items-middle\">\n\t\t\t\t\t\t\t\t\t<div class=\"box-icon-wrapper  box-with-icon box-icon-simple\">\n\t\t\t\t\t\t<div class=\"info-box-icon\">\n\t\t\t\t\t\t\t\t\t\t\t\t\t\t\t<img fetchpriority=\"high\" decoding=\"async\" width=\"281\" height=\"215\" src=\"https:\/\/www.tuccaroglukuruyemis.net\/wp-content\/uploads\/2026\/01\/tuccaroglu.png\" class=\"attachment-full size-full\" alt=\"\" \/>\t\t\t\t\t\t\t\t\t\t\t\t\t<\/div>\n\t\t\t\t\t<\/div>\n\t\t\t\t\n\t\t\t\t<div class=\"info-box-content\">\n\t\t\t\t\t\n\t\t\t\t\t\t\t\t\t\t\t<h4\t\t\t\t\t\tclass=\"info-box-title title box-title-style-default wd-fontsize-s\" data-elementor-setting-key=\"title\">\n\t\t\t\t\t\t\t\t\"Naturalness Hidden in Its Flavor\"\t\t\t\t\t\t<\/h4>\n\t\t\t\t\t\n\t\t\t\t\t<div class=\"info-box-inner reset-last-child\"data-elementor-setting-key=\"content\"><\/div>\n\n\t\t\t\t\t\t\t\t\t<\/div>\n\n\t\t\t\t\t\t\t<\/div>\n\t\t<\/div>\n\t\t\t\t\t\t<\/div>\n\t\t\t\t<\/div>\n\t\t\t\t<\/div>\n\t\t\t\t<\/div>\n\t\t<div class=\"elementor-element elementor-element-67849af5 e-con-full e-flex e-con e-child\" data-id=\"67849af5\" data-element_type=\"container\" data-e-type=\"container\">\n\t\t\t\t<div class=\"elementor-element elementor-element-7ef699a5 elementor-invisible elementor-widget elementor-widget-wd_image_or_svg\" data-id=\"7ef699a5\" data-element_type=\"widget\" data-e-type=\"widget\" data-settings=\"{&quot;_animation&quot;:&quot;fadeInDown&quot;}\" data-widget_type=\"wd_image_or_svg.default\">\n\t\t\t\t<div class=\"elementor-widget-container\">\n\t\t\t\t\t\n\t\t<div class=\"wd-image text-right\">\n\t\t\t\t\t\t\t\t<img decoding=\"async\" width=\"449\" height=\"600\" src=\"https:\/\/www.tuccaroglukuruyemis.net\/wp-content\/uploads\/2026\/01\/20150730_123503.jpg\" class=\"attachment-full size-full\" alt=\"\" srcset=\"https:\/\/www.tuccaroglukuruyemis.net\/wp-content\/uploads\/2026\/01\/20150730_123503.jpg 449w, https:\/\/www.tuccaroglukuruyemis.net\/wp-content\/uploads\/2026\/01\/20150730_123503-225x300.jpg 225w\" sizes=\"(max-width: 449px) 100vw, 449px\" \/>\t\t\t\t\t<\/div>\n\n\t\t\t\t\t\t<\/div>\n\t\t\t\t<\/div>\n\t\t\t\t<\/div>\n\t\t\t\t\t<\/div>\n\t\t\t\t<\/div>\n\t\t\t\t<\/div>\n\t\t","protected":false},"excerpt":{"rendered":"<p>Seren Tahin &#8220;The Most Natural Form of Sesame&#8221; Seren Tahini is produced by carefully selecting the highest quality sesame seeds<\/p>\n","protected":false},"author":1,"featured_media":0,"parent":0,"menu_order":0,"comment_status":"closed","ping_status":"closed","template":"elementor_header_footer","meta":{"footnotes":""},"class_list":["post-419","page","type-page","status-publish","hentry"],"yoast_head":"<!-- This site is optimized with the Yoast SEO plugin v27.2 - https:\/\/yoast.com\/product\/yoast-seo-wordpress\/ -->\n<title>Seren Tahin - T\u00fcccaro\u011flu Kuruyemi\u015fleri<\/title>\n<meta name=\"robots\" content=\"index, follow, max-snippet:-1, max-image-preview:large, max-video-preview:-1\" \/>\n<link rel=\"canonical\" href=\"https:\/\/www.tuccaroglukuruyemis.net\/en\/seren-tahin\/\" \/>\n<meta property=\"og:locale\" content=\"en_US\" \/>\n<meta property=\"og:type\" content=\"article\" \/>\n<meta property=\"og:title\" content=\"Seren Tahin - T\u00fcccaro\u011flu Kuruyemi\u015fleri\" \/>\n<meta property=\"og:description\" content=\"Seren Tahin &#8220;The Most Natural Form of Sesame&#8221; Seren Tahini is produced by carefully selecting the highest quality sesame seeds\" \/>\n<meta property=\"og:url\" content=\"https:\/\/www.tuccaroglukuruyemis.net\/en\/seren-tahin\/\" \/>\n<meta property=\"og:site_name\" content=\"T\u00fcccaro\u011flu Kuruyemi\u015fleri\" \/>\n<meta property=\"article:publisher\" content=\"https:\/\/www.facebook.com\/tuccaroglukuruyemis\" \/>\n<meta property=\"article:modified_time\" content=\"2026-02-25T13:46:43+00:00\" \/>\n<meta property=\"og:image\" content=\"https:\/\/www.tuccaroglukuruyemis.net\/wp-content\/uploads\/2026\/01\/tuccaroglu.png\" \/>\n<meta name=\"twitter:card\" content=\"summary_large_image\" \/>\n<meta name=\"twitter:label1\" content=\"Est. reading time\" \/>\n\t<meta name=\"twitter:data1\" content=\"1 minute\" \/>\n<script type=\"application\/ld+json\" class=\"yoast-schema-graph\">{\"@context\":\"https:\/\/schema.org\",\"@graph\":[{\"@type\":\"WebPage\",\"@id\":\"https:\/\/www.tuccaroglukuruyemis.net\/en\/seren-tahin\/\",\"url\":\"https:\/\/www.tuccaroglukuruyemis.net\/en\/seren-tahin\/\",\"name\":\"Seren Tahin - T\u00fcccaro\u011flu Kuruyemi\u015fleri\",\"isPartOf\":{\"@id\":\"https:\/\/www.tuccaroglukuruyemis.net\/en\/#website\"},\"primaryImageOfPage\":{\"@id\":\"https:\/\/www.tuccaroglukuruyemis.net\/en\/seren-tahin\/#primaryimage\"},\"image\":{\"@id\":\"https:\/\/www.tuccaroglukuruyemis.net\/en\/seren-tahin\/#primaryimage\"},\"thumbnailUrl\":\"https:\/\/www.tuccaroglukuruyemis.net\/wp-content\/uploads\/2026\/01\/tuccaroglu.png\",\"datePublished\":\"2026-01-29T07:04:24+00:00\",\"dateModified\":\"2026-02-25T13:46:43+00:00\",\"breadcrumb\":{\"@id\":\"https:\/\/www.tuccaroglukuruyemis.net\/en\/seren-tahin\/#breadcrumb\"},\"inLanguage\":\"en-US\",\"potentialAction\":[{\"@type\":\"ReadAction\",\"target\":[\"https:\/\/www.tuccaroglukuruyemis.net\/en\/seren-tahin\/\"]}]},{\"@type\":\"ImageObject\",\"inLanguage\":\"en-US\",\"@id\":\"https:\/\/www.tuccaroglukuruyemis.net\/en\/seren-tahin\/#primaryimage\",\"url\":\"https:\/\/www.tuccaroglukuruyemis.net\/wp-content\/uploads\/2026\/01\/tuccaroglu.png\",\"contentUrl\":\"https:\/\/www.tuccaroglukuruyemis.net\/wp-content\/uploads\/2026\/01\/tuccaroglu.png\"},{\"@type\":\"BreadcrumbList\",\"@id\":\"https:\/\/www.tuccaroglukuruyemis.net\/en\/seren-tahin\/#breadcrumb\",\"itemListElement\":[{\"@type\":\"ListItem\",\"position\":1,\"name\":\"Anasayfa\",\"item\":\"https:\/\/www.tuccaroglukuruyemis.net\/en\/\"},{\"@type\":\"ListItem\",\"position\":2,\"name\":\"Seren Tahin\"}]},{\"@type\":\"WebSite\",\"@id\":\"https:\/\/www.tuccaroglukuruyemis.net\/en\/#website\",\"url\":\"https:\/\/www.tuccaroglukuruyemis.net\/en\/\",\"name\":\"T\u00fcccaro\u011flu Kuruyemi\u015fleri\",\"description\":\"\",\"publisher\":{\"@id\":\"https:\/\/www.tuccaroglukuruyemis.net\/en\/#organization\"},\"potentialAction\":[{\"@type\":\"SearchAction\",\"target\":{\"@type\":\"EntryPoint\",\"urlTemplate\":\"https:\/\/www.tuccaroglukuruyemis.net\/en\/?s={search_term_string}\"},\"query-input\":{\"@type\":\"PropertyValueSpecification\",\"valueRequired\":true,\"valueName\":\"search_term_string\"}}],\"inLanguage\":\"en-US\"},{\"@type\":\"Organization\",\"@id\":\"https:\/\/www.tuccaroglukuruyemis.net\/en\/#organization\",\"name\":\"T\u00fcccaro\u011flu Kuruyemi\u015fleri\",\"url\":\"https:\/\/www.tuccaroglukuruyemis.net\/en\/\",\"logo\":{\"@type\":\"ImageObject\",\"inLanguage\":\"en-US\",\"@id\":\"https:\/\/www.tuccaroglukuruyemis.net\/en\/#\/schema\/logo\/image\/\",\"url\":\"https:\/\/www.tuccaroglukuruyemis.net\/wp-content\/uploads\/2026\/01\/cropped-images.png\",\"contentUrl\":\"https:\/\/www.tuccaroglukuruyemis.net\/wp-content\/uploads\/2026\/01\/cropped-images.png\",\"width\":512,\"height\":512,\"caption\":\"T\u00fcccaro\u011flu Kuruyemi\u015fleri\"},\"image\":{\"@id\":\"https:\/\/www.tuccaroglukuruyemis.net\/en\/#\/schema\/logo\/image\/\"},\"sameAs\":[\"https:\/\/www.facebook.com\/tuccaroglukuruyemis\",\"https:\/\/www.instagram.com\/tuccaroglukuruyemis\/\"]}]}<\/script>\n<!-- \/ Yoast SEO plugin. -->","yoast_head_json":{"title":"Seren Tahin - T\u00fcccaro\u011flu Kuruyemi\u015fleri","robots":{"index":"index","follow":"follow","max-snippet":"max-snippet:-1","max-image-preview":"max-image-preview:large","max-video-preview":"max-video-preview:-1"},"canonical":"https:\/\/www.tuccaroglukuruyemis.net\/en\/seren-tahin\/","og_locale":"en_US","og_type":"article","og_title":"Seren Tahin - T\u00fcccaro\u011flu Kuruyemi\u015fleri","og_description":"Seren Tahin &#8220;The Most Natural Form of Sesame&#8221; Seren Tahini is produced by carefully selecting the highest quality sesame seeds","og_url":"https:\/\/www.tuccaroglukuruyemis.net\/en\/seren-tahin\/","og_site_name":"T\u00fcccaro\u011flu Kuruyemi\u015fleri","article_publisher":"https:\/\/www.facebook.com\/tuccaroglukuruyemis","article_modified_time":"2026-02-25T13:46:43+00:00","og_image":[{"url":"https:\/\/www.tuccaroglukuruyemis.net\/wp-content\/uploads\/2026\/01\/tuccaroglu.png","type":"","width":"","height":""}],"twitter_card":"summary_large_image","twitter_misc":{"Est. reading time":"1 minute"},"schema":{"@context":"https:\/\/schema.org","@graph":[{"@type":"WebPage","@id":"https:\/\/www.tuccaroglukuruyemis.net\/en\/seren-tahin\/","url":"https:\/\/www.tuccaroglukuruyemis.net\/en\/seren-tahin\/","name":"Seren Tahin - T\u00fcccaro\u011flu Kuruyemi\u015fleri","isPartOf":{"@id":"https:\/\/www.tuccaroglukuruyemis.net\/en\/#website"},"primaryImageOfPage":{"@id":"https:\/\/www.tuccaroglukuruyemis.net\/en\/seren-tahin\/#primaryimage"},"image":{"@id":"https:\/\/www.tuccaroglukuruyemis.net\/en\/seren-tahin\/#primaryimage"},"thumbnailUrl":"https:\/\/www.tuccaroglukuruyemis.net\/wp-content\/uploads\/2026\/01\/tuccaroglu.png","datePublished":"2026-01-29T07:04:24+00:00","dateModified":"2026-02-25T13:46:43+00:00","breadcrumb":{"@id":"https:\/\/www.tuccaroglukuruyemis.net\/en\/seren-tahin\/#breadcrumb"},"inLanguage":"en-US","potentialAction":[{"@type":"ReadAction","target":["https:\/\/www.tuccaroglukuruyemis.net\/en\/seren-tahin\/"]}]},{"@type":"ImageObject","inLanguage":"en-US","@id":"https:\/\/www.tuccaroglukuruyemis.net\/en\/seren-tahin\/#primaryimage","url":"https:\/\/www.tuccaroglukuruyemis.net\/wp-content\/uploads\/2026\/01\/tuccaroglu.png","contentUrl":"https:\/\/www.tuccaroglukuruyemis.net\/wp-content\/uploads\/2026\/01\/tuccaroglu.png"},{"@type":"BreadcrumbList","@id":"https:\/\/www.tuccaroglukuruyemis.net\/en\/seren-tahin\/#breadcrumb","itemListElement":[{"@type":"ListItem","position":1,"name":"Anasayfa","item":"https:\/\/www.tuccaroglukuruyemis.net\/en\/"},{"@type":"ListItem","position":2,"name":"Seren Tahin"}]},{"@type":"WebSite","@id":"https:\/\/www.tuccaroglukuruyemis.net\/en\/#website","url":"https:\/\/www.tuccaroglukuruyemis.net\/en\/","name":"T\u00fcccaro\u011flu Kuruyemi\u015fleri","description":"","publisher":{"@id":"https:\/\/www.tuccaroglukuruyemis.net\/en\/#organization"},"potentialAction":[{"@type":"SearchAction","target":{"@type":"EntryPoint","urlTemplate":"https:\/\/www.tuccaroglukuruyemis.net\/en\/?s={search_term_string}"},"query-input":{"@type":"PropertyValueSpecification","valueRequired":true,"valueName":"search_term_string"}}],"inLanguage":"en-US"},{"@type":"Organization","@id":"https:\/\/www.tuccaroglukuruyemis.net\/en\/#organization","name":"T\u00fcccaro\u011flu Kuruyemi\u015fleri","url":"https:\/\/www.tuccaroglukuruyemis.net\/en\/","logo":{"@type":"ImageObject","inLanguage":"en-US","@id":"https:\/\/www.tuccaroglukuruyemis.net\/en\/#\/schema\/logo\/image\/","url":"https:\/\/www.tuccaroglukuruyemis.net\/wp-content\/uploads\/2026\/01\/cropped-images.png","contentUrl":"https:\/\/www.tuccaroglukuruyemis.net\/wp-content\/uploads\/2026\/01\/cropped-images.png","width":512,"height":512,"caption":"T\u00fcccaro\u011flu Kuruyemi\u015fleri"},"image":{"@id":"https:\/\/www.tuccaroglukuruyemis.net\/en\/#\/schema\/logo\/image\/"},"sameAs":["https:\/\/www.facebook.com\/tuccaroglukuruyemis","https:\/\/www.instagram.com\/tuccaroglukuruyemis\/"]}]}},"_links":{"self":[{"href":"https:\/\/www.tuccaroglukuruyemis.net\/en\/wp-json\/wp\/v2\/pages\/419","targetHints":{"allow":["GET"]}}],"collection":[{"href":"https:\/\/www.tuccaroglukuruyemis.net\/en\/wp-json\/wp\/v2\/pages"}],"about":[{"href":"https:\/\/www.tuccaroglukuruyemis.net\/en\/wp-json\/wp\/v2\/types\/page"}],"author":[{"embeddable":true,"href":"https:\/\/www.tuccaroglukuruyemis.net\/en\/wp-json\/wp\/v2\/users\/1"}],"replies":[{"embeddable":true,"href":"https:\/\/www.tuccaroglukuruyemis.net\/en\/wp-json\/wp\/v2\/comments?post=419"}],"version-history":[{"count":3,"href":"https:\/\/www.tuccaroglukuruyemis.net\/en\/wp-json\/wp\/v2\/pages\/419\/revisions"}],"predecessor-version":[{"id":423,"href":"https:\/\/www.tuccaroglukuruyemis.net\/en\/wp-json\/wp\/v2\/pages\/419\/revisions\/423"}],"wp:attachment":[{"href":"https:\/\/www.tuccaroglukuruyemis.net\/en\/wp-json\/wp\/v2\/media?parent=419"}],"curies":[{"name":"wp","href":"https:\/\/api.w.org\/{rel}","templated":true}]}}