{"id":479,"date":"2026-01-20T09:51:01","date_gmt":"2026-01-20T06:51:01","guid":{"rendered":"https:\/\/www.tuccaroglukuruyemis.net\/iletisim\/"},"modified":"2026-02-26T10:29:50","modified_gmt":"2026-02-26T07:29:50","slug":"contact","status":"publish","type":"page","link":"https:\/\/www.tuccaroglukuruyemis.net\/en\/contact\/","title":{"rendered":"Contact"},"content":{"rendered":"\t\t<div data-elementor-type=\"wp-page\" data-elementor-id=\"479\" class=\"elementor elementor-479 elementor-13\">\n\t\t\t\t<div class=\"wd-negative-gap elementor-element elementor-element-7971c261 e-flex e-con-boxed e-con e-parent\" data-id=\"7971c261\" data-element_type=\"container\" data-e-type=\"container\">\n\t\t\t\t\t<div class=\"e-con-inner\">\n\t\t<div class=\"elementor-element elementor-element-bfa6565 e-con-full e-flex e-con e-child\" data-id=\"bfa6565\" data-element_type=\"container\" data-e-type=\"container\">\n\t\t\t\t<div class=\"elementor-element elementor-element-5a999112 wd-width-100 elementor-widget elementor-widget-wd_title\" data-id=\"5a999112\" data-element_type=\"widget\" data-e-type=\"widget\" data-widget_type=\"wd_title.default\">\n\t\t\t\t<div class=\"elementor-widget-container\">\n\t\t\t\t\t\t\t<div class=\"title-wrapper wd-set-mb reset-last-child wd-title-color-default wd-title-style-bordered wd-title-size-default text-left\">\n\n\t\t\t\n\t\t\t<div class=\"liner-continer\">\n\t\t\t\t<h4 class=\"woodmart-title-container title wd-fontsize-l\">Contact Us.<\/h4> \n\t\t\t\t\t\t\t<\/div>\n\n\t\t\t\t\t<\/div>\n\t\t\t\t\t\t<\/div>\n\t\t\t\t<\/div>\n\t\t\t\t<div class=\"elementor-element elementor-element-489d761d wd-cf7 elementor-widget elementor-widget-wd_contact_form_7\" data-id=\"489d761d\" data-element_type=\"widget\" data-e-type=\"widget\" data-widget_type=\"wd_contact_form_7.default\">\n\t\t\t\t<div class=\"elementor-widget-container\">\n\t\t\t\t\t\n<div class=\"wpcf7 no-js\" id=\"wpcf7-f482-o1\" lang=\"en-US\" dir=\"ltr\" data-wpcf7-id=\"482\">\n<div class=\"screen-reader-response\"><p role=\"status\" aria-live=\"polite\" aria-atomic=\"true\"><\/p> <ul><\/ul><\/div>\n<form action=\"\/en\/wp-json\/wp\/v2\/pages\/479#wpcf7-f482-o1\" method=\"post\" class=\"wpcf7-form init\" aria-label=\"Contact form\" novalidate=\"novalidate\" data-status=\"init\">\n<fieldset class=\"hidden-fields-container\"><input type=\"hidden\" name=\"_wpcf7\" value=\"482\" \/><input type=\"hidden\" name=\"_wpcf7_version\" value=\"6.1.5\" \/><input type=\"hidden\" name=\"_wpcf7_locale\" value=\"en_US\" \/><input type=\"hidden\" name=\"_wpcf7_unit_tag\" value=\"wpcf7-f482-o1\" \/><input type=\"hidden\" name=\"_wpcf7_container_post\" value=\"0\" \/><input type=\"hidden\" name=\"_wpcf7_posted_data_hash\" value=\"\" \/>\n<\/fieldset>\n<p><label> Name Surname<br \/>\n<span class=\"wpcf7-form-control-wrap\" data-name=\"your-name\"><input size=\"40\" maxlength=\"400\" class=\"wpcf7-form-control wpcf7-text wpcf7-validates-as-required\" autocomplete=\"name\" aria-required=\"true\" aria-invalid=\"false\" value=\"\" type=\"text\" name=\"your-name\" \/><\/span> <\/label>\n<\/p>\n<p><label> E-mail Address<br \/>\n<span class=\"wpcf7-form-control-wrap\" data-name=\"your-email\"><input size=\"40\" maxlength=\"400\" class=\"wpcf7-form-control wpcf7-email wpcf7-validates-as-required wpcf7-text wpcf7-validates-as-email\" autocomplete=\"email\" aria-required=\"true\" aria-invalid=\"false\" value=\"\" type=\"email\" name=\"your-email\" \/><\/span> <\/label>\n<\/p>\n<p><label> Subject<br \/>\n<span class=\"wpcf7-form-control-wrap\" data-name=\"your-subject\"><input size=\"40\" maxlength=\"400\" class=\"wpcf7-form-control wpcf7-text wpcf7-validates-as-required\" aria-required=\"true\" aria-invalid=\"false\" value=\"\" type=\"text\" name=\"your-subject\" \/><\/span> <\/label>\n<\/p>\n<p><label> Message<br \/>\n<span class=\"wpcf7-form-control-wrap\" data-name=\"your-message\"><textarea cols=\"40\" rows=\"10\" maxlength=\"2000\" class=\"wpcf7-form-control wpcf7-textarea\" aria-invalid=\"false\" name=\"your-message\"><\/textarea><\/span> <\/label>\n<\/p>\n<p><input class=\"wpcf7-form-control wpcf7-submit has-spinner\" type=\"submit\" value=\"Send\" \/>\n<\/p><div class=\"wpcf7-response-output\" aria-hidden=\"true\"><\/div>\n<\/form>\n<\/div>\n\t\t\t\t<\/div>\n\t\t\t\t<\/div>\n\t\t\t\t<\/div>\n\t\t<div class=\"elementor-element elementor-element-5243b5fd e-con-full e-flex e-con e-child\" data-id=\"5243b5fd\" data-element_type=\"container\" data-e-type=\"container\">\n\t\t\t\t<div class=\"elementor-element elementor-element-51048c46 wd-width-100 elementor-widget elementor-widget-wd_title\" data-id=\"51048c46\" data-element_type=\"widget\" data-e-type=\"widget\" data-widget_type=\"wd_title.default\">\n\t\t\t\t<div class=\"elementor-widget-container\">\n\t\t\t\t\t\t\t<div class=\"title-wrapper wd-set-mb reset-last-child wd-title-color-default wd-title-style-bordered wd-title-size-default text-left\">\n\n\t\t\t\n\t\t\t<div class=\"liner-continer\">\n\t\t\t\t<h4 class=\"woodmart-title-container title wd-fontsize-l\">Contact Us.<\/h4> \n\t\t\t\t\t\t\t<\/div>\n\n\t\t\t\t\t<\/div>\n\t\t\t\t\t\t<\/div>\n\t\t\t\t<\/div>\n\t\t\t\t<div class=\"elementor-element elementor-element-4665970f elementor-widget elementor-widget-wd_text_block\" data-id=\"4665970f\" data-element_type=\"widget\" data-e-type=\"widget\" data-widget_type=\"wd_text_block.default\">\n\t\t\t\t<div class=\"elementor-widget-container\">\n\t\t\t\t\t\t\t<div class=\"wd-text-block reset-last-child text-left\">\n\t\t\t\n\t\t\t<div class=\"flex flex-col text-sm pb-25\"><article class=\"text-token-text-primary w-full focus:outline-none [--shadow-height:45px] has-data-writing-block:pointer-events-none has-data-writing-block:-mt-(--shadow-height) has-data-writing-block:pt-(--shadow-height) [&amp;:has([data-writing-block])&gt;*]:pointer-events-auto scroll-mt-[calc(var(--header-height)+min(200px,max(70px,20svh)))]\" dir=\"auto\" tabindex=\"-1\" data-turn-id=\"request-WEB:9fbf4cc0-b03c-40c8-a914-6cd49079522a-1\" data-testid=\"conversation-turn-4\" data-scroll-anchor=\"true\" data-turn=\"assistant\"><div class=\"text-base my-auto mx-auto pb-10 [--thread-content-margin:--spacing(4)] @w-sm\/main:[--thread-content-margin:--spacing(6)] @w-lg\/main:[--thread-content-margin:--spacing(16)] px-(--thread-content-margin)\"><div class=\"[--thread-content-max-width:40rem] @w-lg\/main:[--thread-content-max-width:48rem] mx-auto max-w-(--thread-content-max-width) flex-1 group\/turn-messages focus-visible:outline-hidden relative flex w-full min-w-0 flex-col agent-turn\" tabindex=\"-1\"><div class=\"flex max-w-full flex-col grow\"><div class=\"min-h-8 text-message relative flex w-full flex-col items-end gap-2 text-start break-words whitespace-normal [.text-message+&amp;]:mt-1\" dir=\"auto\" data-message-author-role=\"assistant\" data-message-id=\"157c3588-957c-4f93-934c-09293198449f\" data-message-model-slug=\"gpt-5-2\"><div class=\"flex w-full flex-col gap-1 empty:hidden first:pt-[1px]\"><div class=\"markdown prose dark:prose-invert w-full wrap-break-word light markdown-new-styling\"><p data-start=\"0\" data-end=\"64\" data-is-last-node=\"\" data-is-only-node=\"\">You can contact us for any suggestions, requests, or complaints.<\/p><\/div><\/div><\/div><\/div><\/div><\/div><\/article><\/div>\n\t\t\t\t\t<\/div>\n\t\t\t\t\t\t<\/div>\n\t\t\t\t<\/div>\n\t\t\t\t<div class=\"elementor-element elementor-element-2a5eab1 wd-width-100 elementor-widget elementor-widget-wd_title\" data-id=\"2a5eab1\" data-element_type=\"widget\" data-e-type=\"widget\" data-widget_type=\"wd_title.default\">\n\t\t\t\t<div class=\"elementor-widget-container\">\n\t\t\t\t\t\t\t<div class=\"title-wrapper wd-set-mb reset-last-child wd-title-color-default wd-title-style-bordered wd-title-size-default text-left\">\n\n\t\t\t\n\t\t\t<div class=\"liner-continer\">\n\t\t\t\t<h4 class=\"woodmart-title-container title wd-fontsize-l\">Contact Channels<\/h4> \n\t\t\t\t\t\t\t<\/div>\n\n\t\t\t\t\t<\/div>\n\t\t\t\t\t\t<\/div>\n\t\t\t\t<\/div>\n\t\t<div class=\"elementor-element elementor-element-761c38c2 e-con-full e-flex e-con e-child\" data-id=\"761c38c2\" data-element_type=\"container\" data-e-type=\"container\">\n\t\t<div class=\"elementor-element elementor-element-6f642185 e-con-full e-flex e-con e-child\" data-id=\"6f642185\" data-element_type=\"container\" data-e-type=\"container\">\n\t\t\t\t<div class=\"elementor-element elementor-element-708ba733 elementor-widget elementor-widget-wd_infobox\" data-id=\"708ba733\" data-element_type=\"widget\" data-e-type=\"widget\" data-widget_type=\"wd_infobox.default\">\n\t\t\t\t<div class=\"elementor-widget-container\">\n\t\t\t\t\t\t\t<div class=\"info-box-wrapper\">\n\t\t\t<div class=\"wd-info-box text-left box-icon-align-left box-style-base color-scheme- wd-items-top\">\n\t\t\t\t\t\t\t\t\t<div class=\"box-icon-wrapper  box-with-icon box-icon-simple\">\n\t\t\t\t\t\t<div class=\"info-box-icon\">\n\t\t\t\t\t\t\t\t\t\t\t\t\t\t\t<div class=\"info-svg-wrapper\" style=\"width:40px; height:40px;\"><img loading=\"lazy\" decoding=\"async\"  src=\"https:\/\/www.tuccaroglukuruyemis.net\/wp-content\/uploads\/2026\/01\/w-map-placeholder.svg\" title=\"w-map-placeholder.svg\" loading=\"lazy\" width=\"40\" height=\"40\"><\/div>\t\t\t\t\t\t\t\t\t\t\t\t\t<\/div>\n\t\t\t\t\t<\/div>\n\t\t\t\t\n\t\t\t\t<div class=\"info-box-content\">\n\t\t\t\t\t\n\t\t\t\t\t\n\t\t\t\t\t<div class=\"info-box-inner reset-last-child\"data-elementor-setting-key=\"content\"><div class=\"flex flex-col text-sm pb-25\">\n<article class=\"text-token-text-primary w-full focus:outline-none [--shadow-height:45px] has-data-writing-block:pointer-events-none has-data-writing-block:-mt-(--shadow-height) has-data-writing-block:pt-(--shadow-height) [&amp;:has([data-writing-block])&gt;*]:pointer-events-auto scroll-mt-[calc(var(--header-height)+min(200px,max(70px,20svh)))]\" dir=\"auto\" tabindex=\"-1\" data-turn-id=\"request-WEB:9fbf4cc0-b03c-40c8-a914-6cd49079522a-2\" data-testid=\"conversation-turn-6\" data-scroll-anchor=\"true\" data-turn=\"assistant\">\n<div class=\"text-base my-auto mx-auto pb-10 [--thread-content-margin:--spacing(4)] @w-sm\/main:[--thread-content-margin:--spacing(6)] @w-lg\/main:[--thread-content-margin:--spacing(16)] px-(--thread-content-margin)\">\n<div class=\"[--thread-content-max-width:40rem] @w-lg\/main:[--thread-content-max-width:48rem] mx-auto max-w-(--thread-content-max-width) flex-1 group\/turn-messages focus-visible:outline-hidden relative flex w-full min-w-0 flex-col agent-turn\" tabindex=\"-1\">\n<div class=\"flex max-w-full flex-col grow\">\n<div class=\"min-h-8 text-message relative flex w-full flex-col items-end gap-2 text-start break-words whitespace-normal [.text-message+&amp;]:mt-1\" dir=\"auto\" data-message-author-role=\"assistant\" data-message-id=\"3034485b-a2d9-4824-9be5-bab85847e04d\" data-message-model-slug=\"gpt-5-2\">\n<div class=\"flex w-full flex-col gap-1 empty:hidden first:pt-[1px]\">\n<div class=\"markdown prose dark:prose-invert w-full wrap-break-word light markdown-new-styling\">\n<p data-start=\"0\" data-end=\"53\" data-is-last-node=\"\" data-is-only-node=\"\">Address: Organized Industrial Zone, Nicosia \/ Cyprus.<\/p>\n<\/div>\n<\/div>\n<\/div>\n<\/div>\n<\/div>\n<\/div>\n<\/article>\n<\/div>\n<\/div>\n\n\t\t\t\t\t\t\t\t\t<\/div>\n\n\t\t\t\t\t\t\t<\/div>\n\t\t<\/div>\n\t\t\t\t\t\t<\/div>\n\t\t\t\t<\/div>\n\t\t\t\t<div class=\"elementor-element elementor-element-6296f9ff elementor-widget elementor-widget-wd_infobox\" data-id=\"6296f9ff\" data-element_type=\"widget\" data-e-type=\"widget\" data-widget_type=\"wd_infobox.default\">\n\t\t\t\t<div class=\"elementor-widget-container\">\n\t\t\t\t\t\t\t<div class=\"info-box-wrapper\">\n\t\t\t<div class=\"wd-info-box text-left box-icon-align-left box-style-base color-scheme- wd-items-top\">\n\t\t\t\t\t\t\t\t\t<div class=\"box-icon-wrapper  box-with-icon box-icon-simple\">\n\t\t\t\t\t\t<div class=\"info-box-icon\">\n\t\t\t\t\t\t\t\t\t\t\t\t\t\t\t<div class=\"info-svg-wrapper\" style=\"width:40px; height:40px;\"><img loading=\"lazy\" decoding=\"async\"  src=\"https:\/\/www.tuccaroglukuruyemis.net\/wp-content\/uploads\/2026\/01\/w-cellphone.svg\" title=\"w-cellphone.svg\" loading=\"lazy\" width=\"40\" height=\"40\"><\/div>\t\t\t\t\t\t\t\t\t\t\t\t\t<\/div>\n\t\t\t\t\t<\/div>\n\t\t\t\t\n\t\t\t\t<div class=\"info-box-content\">\n\t\t\t\t\t\n\t\t\t\t\t\n\t\t\t\t\t<div class=\"info-box-inner reset-last-child\"data-elementor-setting-key=\"content\"><p>Phone: +90 392 225 20 61<br data-start=\"24\" data-end=\"27\" \/>E-mail: <a class=\"decorated-link cursor-pointer\" rel=\"noopener\" data-start=\"35\" data-end=\"63\" data-is-last-node=\"\">info@tuccaroglukuruyemis.net<\/a><\/p>\n<\/div>\n\n\t\t\t\t\t\t\t\t\t<\/div>\n\n\t\t\t\t\t\t\t<\/div>\n\t\t<\/div>\n\t\t\t\t\t\t<\/div>\n\t\t\t\t<\/div>\n\t\t\t\t<div class=\"elementor-element elementor-element-6a432a6 elementor-widget elementor-widget-wd_infobox\" data-id=\"6a432a6\" data-element_type=\"widget\" data-e-type=\"widget\" data-widget_type=\"wd_infobox.default\">\n\t\t\t\t<div class=\"elementor-widget-container\">\n\t\t\t\t\t\t\t<div class=\"info-box-wrapper\">\n\t\t\t<div class=\"wd-info-box text-left box-icon-align-left box-style-base color-scheme- wd-items-top\">\n\t\t\t\t\t\t\t\t\t<div class=\"box-icon-wrapper  box-with-icon box-icon-simple\">\n\t\t\t\t\t\t<div class=\"info-box-icon\">\n\t\t\t\t\t\t\t\t\t\t\t\t\t\t\t<div class=\"info-svg-wrapper\" style=\"width:40px; height:40px;\"><img loading=\"lazy\" decoding=\"async\"  src=\"https:\/\/www.tuccaroglukuruyemis.net\/wp-content\/uploads\/2026\/01\/w-cellphone.svg\" title=\"w-cellphone.svg\" loading=\"lazy\" width=\"40\" height=\"40\"><\/div>\t\t\t\t\t\t\t\t\t\t\t\t\t<\/div>\n\t\t\t\t\t<\/div>\n\t\t\t\t\n\t\t\t\t<div class=\"info-box-content\">\n\t\t\t\t\t\n\t\t\t\t\t\n\t\t\t\t\t<div class=\"info-box-inner reset-last-child\"data-elementor-setting-key=\"content\"><p><span style=\"color: #000000;\"><strong>Cep: <\/strong><\/span>0 (533) 862 71 71<\/p>\n<p><span style=\"color: #000000;\"><b><strong>Faks:<\/strong><\/b><\/span>0 (392) 225 22 99<\/p>\n<\/div>\n\n\t\t\t\t\t\t\t\t\t<\/div>\n\n\t\t\t\t\t\t\t<\/div>\n\t\t<\/div>\n\t\t\t\t\t\t<\/div>\n\t\t\t\t<\/div>\n\t\t\t\t<\/div>\n\t\t\t\t<\/div>\n\t\t\t\t<div class=\"elementor-element elementor-element-2ecd5f3a elementor-widget elementor-widget-wd_text_block\" data-id=\"2ecd5f3a\" data-element_type=\"widget\" data-e-type=\"widget\" data-widget_type=\"wd_text_block.default\">\n\t\t\t\t<div class=\"elementor-widget-container\">\n\t\t\t\t\t\t\t<div class=\"wd-text-block reset-last-child text-left color-title\">\n\t\t\t\n\t\t\t<p>Do you have questions about how we can help your company?<\/p><p><span style=\"color: #339966;\">Send us an email and we will get back to you as soon as possible.<\/span><\/p>\n\t\t\t\t\t<\/div>\n\t\t\t\t\t\t<\/div>\n\t\t\t\t<\/div>\n\t\t\t\t<\/div>\n\t\t\t\t\t<\/div>\n\t\t\t\t<\/div>\n\t\t<div class=\"wd-negative-gap elementor-element elementor-element-1f72084 e-flex e-con-boxed e-con e-parent\" data-id=\"1f72084\" data-element_type=\"container\" data-e-type=\"container\">\n\t\t\t\t\t<div class=\"e-con-inner\">\n\t\t\t\t<div class=\"elementor-element elementor-element-d6f19c8 elementor-widget elementor-widget-wd_text_block\" data-id=\"d6f19c8\" data-element_type=\"widget\" data-e-type=\"widget\" data-widget_type=\"wd_text_block.default\">\n\t\t\t\t<div class=\"elementor-widget-container\">\n\t\t\t\t\t\t\t<div class=\"wd-text-block reset-last-child text-left\">\n\t\t\t\n\t\t\t<iframe src=\"https:\/\/www.google.com\/maps\/embed?pb=!1m14!1m8!1m3!1d6519.351163704993!2d33.348026!3d35.214549!3m2!1i1024!2i768!4f13.1!3m3!1m2!1s0x14de112d4824883d%3A0x6b3e3af187006d95!2zVMO8Y2Nhcm_En2x1IEt1cnV5ZW1pxZ8!5e0!3m2!1str!2sus!4v1769669395889!5m2!1str!2sus\" width=\"600\" height=\"450\" style=\"border:0;\" allowfullscreen=\"\" loading=\"lazy\" referrerpolicy=\"no-referrer-when-downgrade\"><\/iframe>\n\t\t\t\t\t<\/div>\n\t\t\t\t\t\t<\/div>\n\t\t\t\t<\/div>\n\t\t\t\t\t<\/div>\n\t\t\t\t<\/div>\n\t\t\t\t<\/div>\n\t\t","protected":false},"excerpt":{"rendered":"<p>Contact Us. Name Surname E-mail Address Subject Message Contact Us. You can contact us for any suggestions, requests, or complaints.<\/p>\n","protected":false},"author":1,"featured_media":0,"parent":0,"menu_order":0,"comment_status":"closed","ping_status":"closed","template":"elementor_header_footer","meta":{"footnotes":""},"class_list":["post-479","page","type-page","status-publish","hentry"],"yoast_head":"<!-- This site is optimized with the Yoast SEO plugin v27.2 - https:\/\/yoast.com\/product\/yoast-seo-wordpress\/ -->\n<title>Contact - T\u00fcccaro\u011flu Kuruyemi\u015fleri<\/title>\n<meta name=\"robots\" content=\"index, follow, max-snippet:-1, max-image-preview:large, max-video-preview:-1\" \/>\n<link rel=\"canonical\" href=\"https:\/\/www.tuccaroglukuruyemis.net\/en\/contact\/\" \/>\n<meta property=\"og:locale\" content=\"en_US\" \/>\n<meta property=\"og:type\" content=\"article\" \/>\n<meta property=\"og:title\" content=\"Contact - T\u00fcccaro\u011flu Kuruyemi\u015fleri\" \/>\n<meta property=\"og:description\" content=\"Contact Us. Name Surname E-mail Address Subject Message Contact Us. You can contact us for any suggestions, requests, or complaints.\" \/>\n<meta property=\"og:url\" content=\"https:\/\/www.tuccaroglukuruyemis.net\/en\/contact\/\" \/>\n<meta property=\"og:site_name\" content=\"T\u00fcccaro\u011flu Kuruyemi\u015fleri\" \/>\n<meta property=\"article:publisher\" content=\"https:\/\/www.facebook.com\/tuccaroglukuruyemis\" \/>\n<meta property=\"article:modified_time\" content=\"2026-02-26T07:29:50+00:00\" \/>\n<meta property=\"og:image\" content=\"https:\/\/www.tuccaroglukuruyemis.net\/wp-content\/uploads\/2026\/01\/w-map-placeholder.svg\" \/>\n<meta name=\"twitter:card\" content=\"summary_large_image\" \/>\n<meta name=\"twitter:label1\" content=\"Est. reading time\" \/>\n\t<meta name=\"twitter:data1\" content=\"1 minute\" \/>\n<script type=\"application\/ld+json\" class=\"yoast-schema-graph\">{\"@context\":\"https:\/\/schema.org\",\"@graph\":[{\"@type\":\"WebPage\",\"@id\":\"https:\/\/www.tuccaroglukuruyemis.net\/en\/contact\/\",\"url\":\"https:\/\/www.tuccaroglukuruyemis.net\/en\/contact\/\",\"name\":\"Contact - T\u00fcccaro\u011flu Kuruyemi\u015fleri\",\"isPartOf\":{\"@id\":\"https:\/\/www.tuccaroglukuruyemis.net\/en\/#website\"},\"primaryImageOfPage\":{\"@id\":\"https:\/\/www.tuccaroglukuruyemis.net\/en\/contact\/#primaryimage\"},\"image\":{\"@id\":\"https:\/\/www.tuccaroglukuruyemis.net\/en\/contact\/#primaryimage\"},\"thumbnailUrl\":\"https:\/\/www.tuccaroglukuruyemis.net\/wp-content\/uploads\/2026\/01\/w-map-placeholder.svg\",\"datePublished\":\"2026-01-20T06:51:01+00:00\",\"dateModified\":\"2026-02-26T07:29:50+00:00\",\"breadcrumb\":{\"@id\":\"https:\/\/www.tuccaroglukuruyemis.net\/en\/contact\/#breadcrumb\"},\"inLanguage\":\"en-US\",\"potentialAction\":[{\"@type\":\"ReadAction\",\"target\":[\"https:\/\/www.tuccaroglukuruyemis.net\/en\/contact\/\"]}]},{\"@type\":\"ImageObject\",\"inLanguage\":\"en-US\",\"@id\":\"https:\/\/www.tuccaroglukuruyemis.net\/en\/contact\/#primaryimage\",\"url\":\"https:\/\/www.tuccaroglukuruyemis.net\/wp-content\/uploads\/2026\/01\/w-map-placeholder.svg\",\"contentUrl\":\"https:\/\/www.tuccaroglukuruyemis.net\/wp-content\/uploads\/2026\/01\/w-map-placeholder.svg\"},{\"@type\":\"BreadcrumbList\",\"@id\":\"https:\/\/www.tuccaroglukuruyemis.net\/en\/contact\/#breadcrumb\",\"itemListElement\":[{\"@type\":\"ListItem\",\"position\":1,\"name\":\"Anasayfa\",\"item\":\"https:\/\/www.tuccaroglukuruyemis.net\/en\/\"},{\"@type\":\"ListItem\",\"position\":2,\"name\":\"Contact\"}]},{\"@type\":\"WebSite\",\"@id\":\"https:\/\/www.tuccaroglukuruyemis.net\/en\/#website\",\"url\":\"https:\/\/www.tuccaroglukuruyemis.net\/en\/\",\"name\":\"T\u00fcccaro\u011flu Kuruyemi\u015fleri\",\"description\":\"\",\"publisher\":{\"@id\":\"https:\/\/www.tuccaroglukuruyemis.net\/en\/#organization\"},\"potentialAction\":[{\"@type\":\"SearchAction\",\"target\":{\"@type\":\"EntryPoint\",\"urlTemplate\":\"https:\/\/www.tuccaroglukuruyemis.net\/en\/?s={search_term_string}\"},\"query-input\":{\"@type\":\"PropertyValueSpecification\",\"valueRequired\":true,\"valueName\":\"search_term_string\"}}],\"inLanguage\":\"en-US\"},{\"@type\":\"Organization\",\"@id\":\"https:\/\/www.tuccaroglukuruyemis.net\/en\/#organization\",\"name\":\"T\u00fcccaro\u011flu Kuruyemi\u015fleri\",\"url\":\"https:\/\/www.tuccaroglukuruyemis.net\/en\/\",\"logo\":{\"@type\":\"ImageObject\",\"inLanguage\":\"en-US\",\"@id\":\"https:\/\/www.tuccaroglukuruyemis.net\/en\/#\/schema\/logo\/image\/\",\"url\":\"https:\/\/www.tuccaroglukuruyemis.net\/wp-content\/uploads\/2026\/01\/cropped-images.png\",\"contentUrl\":\"https:\/\/www.tuccaroglukuruyemis.net\/wp-content\/uploads\/2026\/01\/cropped-images.png\",\"width\":512,\"height\":512,\"caption\":\"T\u00fcccaro\u011flu Kuruyemi\u015fleri\"},\"image\":{\"@id\":\"https:\/\/www.tuccaroglukuruyemis.net\/en\/#\/schema\/logo\/image\/\"},\"sameAs\":[\"https:\/\/www.facebook.com\/tuccaroglukuruyemis\",\"https:\/\/www.instagram.com\/tuccaroglukuruyemis\/\"]}]}<\/script>\n<!-- \/ Yoast SEO plugin. -->","yoast_head_json":{"title":"Contact - T\u00fcccaro\u011flu Kuruyemi\u015fleri","robots":{"index":"index","follow":"follow","max-snippet":"max-snippet:-1","max-image-preview":"max-image-preview:large","max-video-preview":"max-video-preview:-1"},"canonical":"https:\/\/www.tuccaroglukuruyemis.net\/en\/contact\/","og_locale":"en_US","og_type":"article","og_title":"Contact - T\u00fcccaro\u011flu Kuruyemi\u015fleri","og_description":"Contact Us. Name Surname E-mail Address Subject Message Contact Us. You can contact us for any suggestions, requests, or complaints.","og_url":"https:\/\/www.tuccaroglukuruyemis.net\/en\/contact\/","og_site_name":"T\u00fcccaro\u011flu Kuruyemi\u015fleri","article_publisher":"https:\/\/www.facebook.com\/tuccaroglukuruyemis","article_modified_time":"2026-02-26T07:29:50+00:00","og_image":[{"url":"https:\/\/www.tuccaroglukuruyemis.net\/wp-content\/uploads\/2026\/01\/w-map-placeholder.svg","type":"","width":"","height":""}],"twitter_card":"summary_large_image","twitter_misc":{"Est. reading time":"1 minute"},"schema":{"@context":"https:\/\/schema.org","@graph":[{"@type":"WebPage","@id":"https:\/\/www.tuccaroglukuruyemis.net\/en\/contact\/","url":"https:\/\/www.tuccaroglukuruyemis.net\/en\/contact\/","name":"Contact - T\u00fcccaro\u011flu Kuruyemi\u015fleri","isPartOf":{"@id":"https:\/\/www.tuccaroglukuruyemis.net\/en\/#website"},"primaryImageOfPage":{"@id":"https:\/\/www.tuccaroglukuruyemis.net\/en\/contact\/#primaryimage"},"image":{"@id":"https:\/\/www.tuccaroglukuruyemis.net\/en\/contact\/#primaryimage"},"thumbnailUrl":"https:\/\/www.tuccaroglukuruyemis.net\/wp-content\/uploads\/2026\/01\/w-map-placeholder.svg","datePublished":"2026-01-20T06:51:01+00:00","dateModified":"2026-02-26T07:29:50+00:00","breadcrumb":{"@id":"https:\/\/www.tuccaroglukuruyemis.net\/en\/contact\/#breadcrumb"},"inLanguage":"en-US","potentialAction":[{"@type":"ReadAction","target":["https:\/\/www.tuccaroglukuruyemis.net\/en\/contact\/"]}]},{"@type":"ImageObject","inLanguage":"en-US","@id":"https:\/\/www.tuccaroglukuruyemis.net\/en\/contact\/#primaryimage","url":"https:\/\/www.tuccaroglukuruyemis.net\/wp-content\/uploads\/2026\/01\/w-map-placeholder.svg","contentUrl":"https:\/\/www.tuccaroglukuruyemis.net\/wp-content\/uploads\/2026\/01\/w-map-placeholder.svg"},{"@type":"BreadcrumbList","@id":"https:\/\/www.tuccaroglukuruyemis.net\/en\/contact\/#breadcrumb","itemListElement":[{"@type":"ListItem","position":1,"name":"Anasayfa","item":"https:\/\/www.tuccaroglukuruyemis.net\/en\/"},{"@type":"ListItem","position":2,"name":"Contact"}]},{"@type":"WebSite","@id":"https:\/\/www.tuccaroglukuruyemis.net\/en\/#website","url":"https:\/\/www.tuccaroglukuruyemis.net\/en\/","name":"T\u00fcccaro\u011flu Kuruyemi\u015fleri","description":"","publisher":{"@id":"https:\/\/www.tuccaroglukuruyemis.net\/en\/#organization"},"potentialAction":[{"@type":"SearchAction","target":{"@type":"EntryPoint","urlTemplate":"https:\/\/www.tuccaroglukuruyemis.net\/en\/?s={search_term_string}"},"query-input":{"@type":"PropertyValueSpecification","valueRequired":true,"valueName":"search_term_string"}}],"inLanguage":"en-US"},{"@type":"Organization","@id":"https:\/\/www.tuccaroglukuruyemis.net\/en\/#organization","name":"T\u00fcccaro\u011flu Kuruyemi\u015fleri","url":"https:\/\/www.tuccaroglukuruyemis.net\/en\/","logo":{"@type":"ImageObject","inLanguage":"en-US","@id":"https:\/\/www.tuccaroglukuruyemis.net\/en\/#\/schema\/logo\/image\/","url":"https:\/\/www.tuccaroglukuruyemis.net\/wp-content\/uploads\/2026\/01\/cropped-images.png","contentUrl":"https:\/\/www.tuccaroglukuruyemis.net\/wp-content\/uploads\/2026\/01\/cropped-images.png","width":512,"height":512,"caption":"T\u00fcccaro\u011flu Kuruyemi\u015fleri"},"image":{"@id":"https:\/\/www.tuccaroglukuruyemis.net\/en\/#\/schema\/logo\/image\/"},"sameAs":["https:\/\/www.facebook.com\/tuccaroglukuruyemis","https:\/\/www.instagram.com\/tuccaroglukuruyemis\/"]}]}},"_links":{"self":[{"href":"https:\/\/www.tuccaroglukuruyemis.net\/en\/wp-json\/wp\/v2\/pages\/479","targetHints":{"allow":["GET"]}}],"collection":[{"href":"https:\/\/www.tuccaroglukuruyemis.net\/en\/wp-json\/wp\/v2\/pages"}],"about":[{"href":"https:\/\/www.tuccaroglukuruyemis.net\/en\/wp-json\/wp\/v2\/types\/page"}],"author":[{"embeddable":true,"href":"https:\/\/www.tuccaroglukuruyemis.net\/en\/wp-json\/wp\/v2\/users\/1"}],"replies":[{"embeddable":true,"href":"https:\/\/www.tuccaroglukuruyemis.net\/en\/wp-json\/wp\/v2\/comments?post=479"}],"version-history":[{"count":7,"href":"https:\/\/www.tuccaroglukuruyemis.net\/en\/wp-json\/wp\/v2\/pages\/479\/revisions"}],"predecessor-version":[{"id":489,"href":"https:\/\/www.tuccaroglukuruyemis.net\/en\/wp-json\/wp\/v2\/pages\/479\/revisions\/489"}],"wp:attachment":[{"href":"https:\/\/www.tuccaroglukuruyemis.net\/en\/wp-json\/wp\/v2\/media?parent=479"}],"curies":[{"name":"wp","href":"https:\/\/api.w.org\/{rel}","templated":true}]}}